{"id":7352,"date":"2025-08-12T08:26:32","date_gmt":"2025-08-12T08:26:32","guid":{"rendered":"https:\/\/yourmerch.se\/?post_type=product&#038;p=7352"},"modified":"2025-08-12T08:26:32","modified_gmt":"2025-08-12T08:26:32","slug":"reflexhangers","status":"publish","type":"product","link":"https:\/\/yourmerch.se\/en\/product\/reflexhangers\/","title":{"rendered":"REFLEXHANGERS"},"content":{"rendered":"<p>Europaproducerad reflekterande hanger, inklusive karbinhake (nyckelring) alternativt stor karbinhake.<br \/>\nEnkel att f\u00e4sta p\u00e5 en ryggs\u00e4ck eller en v\u00e4ska.<\/p>\n<p>Storlek: 11,5 x 3 cm<br \/>\nF\u00e4rg p\u00e5 film: Silver\/gr\u00e5 alternativt gul<br \/>\nF\u00e4rg p\u00e5 baksidan av filmen (insida): Vit, Svart, Bl\u00e5, Gr\u00f6n, Rosa, R\u00f6d, gul<br \/>\nTillverkat i h\u00f6greflekterande kvalitetsmaterial (Ftalat fritt)<br \/>\nCertifierad enligt EN-17352.<\/p>\n<p>Nyckelring: art nr. 1682-11522<br \/>\nKarbinhake: art nr. 1682-12336<\/p>\n<p>Fr\u00e5n: 100 st.<br \/>\nLeveranstid ca. 3-4 veckor efter godk\u00e4nt korrektur.<\/p>","protected":false},"excerpt":{"rendered":"<style>\n.single_add_to_cart_button:not(#wcraq_add_to_quote),\n.quantity.buttons_added.simple-type{display:none !important;}\n<\/style>","protected":false},"featured_media":7353,"comment_status":"open","ping_status":"closed","template":"","meta":[],"product_brand":[],"product_cat":[127],"product_tag":[],"class_list":{"0":"post-7352","1":"product","2":"type-product","3":"status-publish","4":"has-post-thumbnail","6":"product_cat-ovrigt","8":"first","9":"instock","10":"shipping-taxable","11":"product-type-simple"},"_links":{"self":[{"href":"https:\/\/yourmerch.se\/en\/wp-json\/wp\/v2\/product\/7352","targetHints":{"allow":["GET"]}}],"collection":[{"href":"https:\/\/yourmerch.se\/en\/wp-json\/wp\/v2\/product"}],"about":[{"href":"https:\/\/yourmerch.se\/en\/wp-json\/wp\/v2\/types\/product"}],"replies":[{"embeddable":true,"href":"https:\/\/yourmerch.se\/en\/wp-json\/wp\/v2\/comments?post=7352"}],"wp:featuredmedia":[{"embeddable":true,"href":"https:\/\/yourmerch.se\/en\/wp-json\/wp\/v2\/media\/7353"}],"wp:attachment":[{"href":"https:\/\/yourmerch.se\/en\/wp-json\/wp\/v2\/media?parent=7352"}],"wp:term":[{"taxonomy":"product_brand","embeddable":true,"href":"https:\/\/yourmerch.se\/en\/wp-json\/wp\/v2\/product_brand?post=7352"},{"taxonomy":"product_cat","embeddable":true,"href":"https:\/\/yourmerch.se\/en\/wp-json\/wp\/v2\/product_cat?post=7352"},{"taxonomy":"product_tag","embeddable":true,"href":"https:\/\/yourmerch.se\/en\/wp-json\/wp\/v2\/product_tag?post=7352"}],"curies":[{"name":"wp","href":"https:\/\/api.w.org\/{rel}","templated":true}]}}