{"id":7306,"date":"2025-08-12T04:20:25","date_gmt":"2025-08-12T04:20:25","guid":{"rendered":"https:\/\/yourmerch.se\/?post_type=product&#038;p=7306"},"modified":"2025-08-12T04:20:25","modified_gmt":"2025-08-12T04:20:25","slug":"servettringar","status":"publish","type":"product","link":"https:\/\/yourmerch.se\/en\/product\/servettringar\/","title":{"rendered":"SERVETTRINGAR"},"content":{"rendered":"<p>Vi producerar specialgjorda servettringar. Dessa servettringar levererades till Vasamuseet<br \/>\noch har en liten \u00f6gla p\u00e5 baksidan med ett handknutet hampasn\u00f6re.<br \/>\nSkicka oss er design ange antal samt \u00f6nskad storlek, f\u00e4ste etc s\u00e5 erh\u00e5ller ni en offert.<\/p>\n<p>Fr\u00e5n: 100 st.<br \/>\nLeveranstid ca. 4-5 veckor efter godk\u00e4nt korrektur.<\/p>","protected":false},"excerpt":{"rendered":"<style>\n.single_add_to_cart_button:not(#wcraq_add_to_quote),\n.quantity.buttons_added.simple-type{display:none !important;}\n<\/style>","protected":false},"featured_media":7307,"comment_status":"open","ping_status":"closed","template":"","meta":[],"product_brand":[],"product_cat":[127],"product_tag":[],"class_list":{"0":"post-7306","1":"product","2":"type-product","3":"status-publish","4":"has-post-thumbnail","6":"product_cat-ovrigt","8":"first","9":"instock","10":"shipping-taxable","11":"product-type-simple"},"_links":{"self":[{"href":"https:\/\/yourmerch.se\/en\/wp-json\/wp\/v2\/product\/7306","targetHints":{"allow":["GET"]}}],"collection":[{"href":"https:\/\/yourmerch.se\/en\/wp-json\/wp\/v2\/product"}],"about":[{"href":"https:\/\/yourmerch.se\/en\/wp-json\/wp\/v2\/types\/product"}],"replies":[{"embeddable":true,"href":"https:\/\/yourmerch.se\/en\/wp-json\/wp\/v2\/comments?post=7306"}],"wp:featuredmedia":[{"embeddable":true,"href":"https:\/\/yourmerch.se\/en\/wp-json\/wp\/v2\/media\/7307"}],"wp:attachment":[{"href":"https:\/\/yourmerch.se\/en\/wp-json\/wp\/v2\/media?parent=7306"}],"wp:term":[{"taxonomy":"product_brand","embeddable":true,"href":"https:\/\/yourmerch.se\/en\/wp-json\/wp\/v2\/product_brand?post=7306"},{"taxonomy":"product_cat","embeddable":true,"href":"https:\/\/yourmerch.se\/en\/wp-json\/wp\/v2\/product_cat?post=7306"},{"taxonomy":"product_tag","embeddable":true,"href":"https:\/\/yourmerch.se\/en\/wp-json\/wp\/v2\/product_tag?post=7306"}],"curies":[{"name":"wp","href":"https:\/\/api.w.org\/{rel}","templated":true}]}}