{"id":7292,"date":"2025-08-12T04:18:17","date_gmt":"2025-08-12T04:18:17","guid":{"rendered":"https:\/\/yourmerch.se\/?post_type=product&#038;p=7292"},"modified":"2025-08-12T04:18:17","modified_gmt":"2025-08-12T04:18:17","slug":"brostskyltar","status":"publish","type":"product","link":"https:\/\/yourmerch.se\/en\/product\/brostskyltar\/","title":{"rendered":"BR\u00d6STSKYLTAR"},"content":{"rendered":"<p>Br\u00f6stskylt, d\u00f6rrvaktsskylt, entr\u00e9v\u00e4rd. hotellskylt. Det finns m\u00e5nga anv\u00e4ndningsomr\u00e5den f\u00f6r dessa specialtillverkade skyltar. Vi g\u00f6r dem helt efter ert \u00f6nskem\u00e5l med er logo\/design.<br \/>\nSkicka in er logo\/skiss ange antal samt \u00f6nskad storlek, etc. s\u00e5 erh\u00e5ller ni en offert.<\/p>\n<p>Fr\u00e5n: 100 st.<br \/>\nLeveranstid ca. 4-5 veckor efter godk\u00e4nt korrektur.<\/p>","protected":false},"excerpt":{"rendered":"<style>\n.single_add_to_cart_button:not(#wcraq_add_to_quote),\n.quantity.buttons_added.simple-type{display:none !important;}\n<\/style>","protected":false},"featured_media":7294,"comment_status":"open","ping_status":"closed","template":"","meta":[],"product_brand":[],"product_cat":[127],"product_tag":[],"class_list":{"0":"post-7292","1":"product","2":"type-product","3":"status-publish","4":"has-post-thumbnail","6":"product_cat-ovrigt","8":"first","9":"instock","10":"shipping-taxable","11":"product-type-simple"},"_links":{"self":[{"href":"https:\/\/yourmerch.se\/en\/wp-json\/wp\/v2\/product\/7292","targetHints":{"allow":["GET"]}}],"collection":[{"href":"https:\/\/yourmerch.se\/en\/wp-json\/wp\/v2\/product"}],"about":[{"href":"https:\/\/yourmerch.se\/en\/wp-json\/wp\/v2\/types\/product"}],"replies":[{"embeddable":true,"href":"https:\/\/yourmerch.se\/en\/wp-json\/wp\/v2\/comments?post=7292"}],"wp:featuredmedia":[{"embeddable":true,"href":"https:\/\/yourmerch.se\/en\/wp-json\/wp\/v2\/media\/7294"}],"wp:attachment":[{"href":"https:\/\/yourmerch.se\/en\/wp-json\/wp\/v2\/media?parent=7292"}],"wp:term":[{"taxonomy":"product_brand","embeddable":true,"href":"https:\/\/yourmerch.se\/en\/wp-json\/wp\/v2\/product_brand?post=7292"},{"taxonomy":"product_cat","embeddable":true,"href":"https:\/\/yourmerch.se\/en\/wp-json\/wp\/v2\/product_cat?post=7292"},{"taxonomy":"product_tag","embeddable":true,"href":"https:\/\/yourmerch.se\/en\/wp-json\/wp\/v2\/product_tag?post=7292"}],"curies":[{"name":"wp","href":"https:\/\/api.w.org\/{rel}","templated":true}]}}