{"id":7263,"date":"2025-08-12T04:09:14","date_gmt":"2025-08-12T04:09:14","guid":{"rendered":"https:\/\/yourmerch.se\/?post_type=product&#038;p=7263"},"modified":"2025-08-12T04:09:14","modified_gmt":"2025-08-12T04:09:14","slug":"fiskedrag","status":"publish","type":"product","link":"https:\/\/yourmerch.se\/en\/product\/fiskedrag\/","title":{"rendered":"FISKEDRAG"},"content":{"rendered":"<p>Fiskedrag\/spinnare med tryck med chans till goda f\u00e5ngstegenskaper, 10 g.<br \/>\nF\u00e4rgerna p\u00e5 dragets kropp anpassas efter logotyp samt \u00f6nskem\u00e5l.<br \/>\nPris inklusive fullf\u00e4rgstryck p\u00e5 en sida.<\/p>\n<p>Det g\u00e5r \u00e4ven att best\u00e4lla en egen f\u00f6rpackning<br \/>\nPappersbox med 1 f\u00e4rgs tryck (milj\u00f6box) producerad av 100% returfiber (natur eller vit)<\/p>\n<p>Kontakta oss f\u00f6r en offert.<\/p>\n<p>Fr\u00e5n: 50 st.<br \/>\nLeveranstid ca. 3 veckor efter godk\u00e4nt korrektur.<\/p>","protected":false},"excerpt":{"rendered":"<style>\n.single_add_to_cart_button:not(#wcraq_add_to_quote),\n.quantity.buttons_added.simple-type{display:none !important;}\n<\/style>","protected":false},"featured_media":7268,"comment_status":"open","ping_status":"closed","template":"","meta":[],"product_brand":[],"product_cat":[127],"product_tag":[],"class_list":{"0":"post-7263","1":"product","2":"type-product","3":"status-publish","4":"has-post-thumbnail","6":"product_cat-ovrigt","8":"first","9":"instock","10":"shipping-taxable","11":"product-type-simple"},"_links":{"self":[{"href":"https:\/\/yourmerch.se\/en\/wp-json\/wp\/v2\/product\/7263","targetHints":{"allow":["GET"]}}],"collection":[{"href":"https:\/\/yourmerch.se\/en\/wp-json\/wp\/v2\/product"}],"about":[{"href":"https:\/\/yourmerch.se\/en\/wp-json\/wp\/v2\/types\/product"}],"replies":[{"embeddable":true,"href":"https:\/\/yourmerch.se\/en\/wp-json\/wp\/v2\/comments?post=7263"}],"wp:featuredmedia":[{"embeddable":true,"href":"https:\/\/yourmerch.se\/en\/wp-json\/wp\/v2\/media\/7268"}],"wp:attachment":[{"href":"https:\/\/yourmerch.se\/en\/wp-json\/wp\/v2\/media?parent=7263"}],"wp:term":[{"taxonomy":"product_brand","embeddable":true,"href":"https:\/\/yourmerch.se\/en\/wp-json\/wp\/v2\/product_brand?post=7263"},{"taxonomy":"product_cat","embeddable":true,"href":"https:\/\/yourmerch.se\/en\/wp-json\/wp\/v2\/product_cat?post=7263"},{"taxonomy":"product_tag","embeddable":true,"href":"https:\/\/yourmerch.se\/en\/wp-json\/wp\/v2\/product_tag?post=7263"}],"curies":[{"name":"wp","href":"https:\/\/api.w.org\/{rel}","templated":true}]}}