{"id":7184,"date":"2025-08-11T05:52:29","date_gmt":"2025-08-11T05:52:29","guid":{"rendered":"https:\/\/yourmerch.se\/?post_type=product&#038;p=7184"},"modified":"2025-08-11T05:52:29","modified_gmt":"2025-08-11T05:52:29","slug":"hangsmycken","status":"publish","type":"product","link":"https:\/\/yourmerch.se\/en\/product\/hangsmycken\/","title":{"rendered":"H\u00c4NGSMYCKEN"},"content":{"rendered":"<p>Vi producerat h\u00e4ngsmycken i samma metaller och utf\u00f6rande som v\u00e5ra pins. Vanligaste \u00e4r m\u00e4ssing men vid mer avancerade produktioner som detta exempel Guldbaggegalan s\u00e5 \u00e4r metallen blandad f\u00f6r att enklare kunna gjutas i sina formar. Skicka in er logo\/skiss ange antal samt \u00f6nskad storlek, etc. s\u00e5 erh\u00e5ller ni en offert.<\/p>\n<p>Fr\u00e5n: 100 st.<br \/>\nLeveranstid ca. 4-5 veckor efter godk\u00e4nt korrektur.<\/p>","protected":false},"excerpt":{"rendered":"<style>\n.single_add_to_cart_button:not(#wcraq_add_to_quote),\n.quantity.buttons_added.simple-type{display:none !important;}\n<\/style>","protected":false},"featured_media":7192,"comment_status":"open","ping_status":"closed","template":"","meta":[],"product_brand":[],"product_cat":[132],"product_tag":[],"class_list":{"0":"post-7184","1":"product","2":"type-product","3":"status-publish","4":"has-post-thumbnail","6":"product_cat-hangsmycken","8":"first","9":"instock","10":"shipping-taxable","11":"product-type-simple"},"_links":{"self":[{"href":"https:\/\/yourmerch.se\/en\/wp-json\/wp\/v2\/product\/7184","targetHints":{"allow":["GET"]}}],"collection":[{"href":"https:\/\/yourmerch.se\/en\/wp-json\/wp\/v2\/product"}],"about":[{"href":"https:\/\/yourmerch.se\/en\/wp-json\/wp\/v2\/types\/product"}],"replies":[{"embeddable":true,"href":"https:\/\/yourmerch.se\/en\/wp-json\/wp\/v2\/comments?post=7184"}],"wp:featuredmedia":[{"embeddable":true,"href":"https:\/\/yourmerch.se\/en\/wp-json\/wp\/v2\/media\/7192"}],"wp:attachment":[{"href":"https:\/\/yourmerch.se\/en\/wp-json\/wp\/v2\/media?parent=7184"}],"wp:term":[{"taxonomy":"product_brand","embeddable":true,"href":"https:\/\/yourmerch.se\/en\/wp-json\/wp\/v2\/product_brand?post=7184"},{"taxonomy":"product_cat","embeddable":true,"href":"https:\/\/yourmerch.se\/en\/wp-json\/wp\/v2\/product_cat?post=7184"},{"taxonomy":"product_tag","embeddable":true,"href":"https:\/\/yourmerch.se\/en\/wp-json\/wp\/v2\/product_tag?post=7184"}],"curies":[{"name":"wp","href":"https:\/\/api.w.org\/{rel}","templated":true}]}}