{"id":7175,"date":"2025-08-11T05:11:05","date_gmt":"2025-08-11T05:11:05","guid":{"rendered":"https:\/\/yourmerch.se\/?post_type=product&#038;p=7175"},"modified":"2025-08-11T05:11:05","modified_gmt":"2025-08-11T05:11:05","slug":"manschettknappar","status":"publish","type":"product","link":"https:\/\/yourmerch.se\/en\/product\/manschettknappar\/","title":{"rendered":"MANSCHETTKNAPPAR"},"content":{"rendered":"<p>Vi tillverkar alla m\u00f6jliga varianter p\u00e5 manschettknappar Det vanligaste \u00e4r att vi kombinerar detta med en Pins best\u00e4llning (Pinsm\u00e4rke). F\u00f6rdelen \u00e4r att det g\u00e5r att best\u00e4lla ett antal Pins och f\u00f6rdela dessa m\u00e4rken mellan Pins, manschettknappar, men \u00e4ven slipskl\u00e4mmor. Minsta antal manschettknappar i samband med en Pins best\u00e4llning \u00e4r 50 par.<\/p>\n<p>Kontakta oss med din skiss s\u00e5 f\u00e5r du ett prisf\u00f6rslag.<\/p>\n<p>Fr\u00e5n: 50 Par<br \/>\nLeveranstid ca. 4-5 veckor efter godk\u00e4nt korrektur.<\/p>","protected":false},"excerpt":{"rendered":"<style>\n.single_add_to_cart_button:not(#wcraq_add_to_quote),\n.quantity.buttons_added.simple-type{display:none !important;}\n<\/style>","protected":false},"featured_media":7176,"comment_status":"open","ping_status":"closed","template":"","meta":[],"product_brand":[],"product_cat":[130],"product_tag":[],"class_list":{"0":"post-7175","1":"product","2":"type-product","3":"status-publish","4":"has-post-thumbnail","6":"product_cat-manschettknappar","8":"first","9":"instock","10":"shipping-taxable","11":"product-type-simple"},"_links":{"self":[{"href":"https:\/\/yourmerch.se\/en\/wp-json\/wp\/v2\/product\/7175","targetHints":{"allow":["GET"]}}],"collection":[{"href":"https:\/\/yourmerch.se\/en\/wp-json\/wp\/v2\/product"}],"about":[{"href":"https:\/\/yourmerch.se\/en\/wp-json\/wp\/v2\/types\/product"}],"replies":[{"embeddable":true,"href":"https:\/\/yourmerch.se\/en\/wp-json\/wp\/v2\/comments?post=7175"}],"wp:featuredmedia":[{"embeddable":true,"href":"https:\/\/yourmerch.se\/en\/wp-json\/wp\/v2\/media\/7176"}],"wp:attachment":[{"href":"https:\/\/yourmerch.se\/en\/wp-json\/wp\/v2\/media?parent=7175"}],"wp:term":[{"taxonomy":"product_brand","embeddable":true,"href":"https:\/\/yourmerch.se\/en\/wp-json\/wp\/v2\/product_brand?post=7175"},{"taxonomy":"product_cat","embeddable":true,"href":"https:\/\/yourmerch.se\/en\/wp-json\/wp\/v2\/product_cat?post=7175"},{"taxonomy":"product_tag","embeddable":true,"href":"https:\/\/yourmerch.se\/en\/wp-json\/wp\/v2\/product_tag?post=7175"}],"curies":[{"name":"wp","href":"https:\/\/api.w.org\/{rel}","templated":true}]}}