{"id":7133,"date":"2025-08-11T04:45:41","date_gmt":"2025-08-11T04:45:41","guid":{"rendered":"https:\/\/yourmerch.se\/?post_type=product&#038;p=7133"},"modified":"2025-08-11T04:45:41","modified_gmt":"2025-08-11T04:45:41","slug":"pins-i-papper","status":"publish","type":"product","link":"https:\/\/yourmerch.se\/en\/product\/pins-i-papper\/","title":{"rendered":"PINS I PAPPER"},"content":{"rendered":"<p>Pins i papper (EU produktion) av FSC papper.<br \/>\nMaterialet v\u00e4ger inte s\u00e5 mycket och uppskattas om den anv\u00e4nds p\u00e5 tex. en skjorta eller blus.<br \/>\nFri form och priset ber\u00e4knas efter antal, storlek.<br \/>\nBaksidan \u00e4r f\u00f6rsedd med en s\u00e4kerhetsn\u00e5l.<\/p>\n<p>F\u00e4rger: Fyrf\u00e4rg<br \/>\nPapper: FSC kartong<br \/>\nTjocklek: 2-3 mm<br \/>\nLeveranstid ca 3 veckor efter godk\u00e4nt korrektur<\/p>\n<p>Artikelnummmer:<br \/>\n1491-23702 (2 mm)<br \/>\n1491-23703 (3 mm)<\/p>\n<p>Fr\u00e5n: 250 st<br \/>\nLeveranstid ca. 3 veckor efter godk\u00e4nt korrektur.<\/p>","protected":false},"excerpt":{"rendered":"<style>\n.single_add_to_cart_button:not(#wcraq_add_to_quote),\n.quantity.buttons_added.simple-type{display:none !important;}\n<\/style>","protected":false},"featured_media":7134,"comment_status":"open","ping_status":"closed","template":"","meta":[],"product_brand":[],"product_cat":[75],"product_tag":[],"class_list":{"0":"post-7133","1":"product","2":"type-product","3":"status-publish","4":"has-post-thumbnail","6":"product_cat-pins","8":"first","9":"instock","10":"shipping-taxable","11":"product-type-simple"},"_links":{"self":[{"href":"https:\/\/yourmerch.se\/en\/wp-json\/wp\/v2\/product\/7133","targetHints":{"allow":["GET"]}}],"collection":[{"href":"https:\/\/yourmerch.se\/en\/wp-json\/wp\/v2\/product"}],"about":[{"href":"https:\/\/yourmerch.se\/en\/wp-json\/wp\/v2\/types\/product"}],"replies":[{"embeddable":true,"href":"https:\/\/yourmerch.se\/en\/wp-json\/wp\/v2\/comments?post=7133"}],"wp:featuredmedia":[{"embeddable":true,"href":"https:\/\/yourmerch.se\/en\/wp-json\/wp\/v2\/media\/7134"}],"wp:attachment":[{"href":"https:\/\/yourmerch.se\/en\/wp-json\/wp\/v2\/media?parent=7133"}],"wp:term":[{"taxonomy":"product_brand","embeddable":true,"href":"https:\/\/yourmerch.se\/en\/wp-json\/wp\/v2\/product_brand?post=7133"},{"taxonomy":"product_cat","embeddable":true,"href":"https:\/\/yourmerch.se\/en\/wp-json\/wp\/v2\/product_cat?post=7133"},{"taxonomy":"product_tag","embeddable":true,"href":"https:\/\/yourmerch.se\/en\/wp-json\/wp\/v2\/product_tag?post=7133"}],"curies":[{"name":"wp","href":"https:\/\/api.w.org\/{rel}","templated":true}]}}