{"id":7129,"date":"2025-08-11T04:43:05","date_gmt":"2025-08-11T04:43:05","guid":{"rendered":"https:\/\/yourmerch.se\/?post_type=product&#038;p=7129"},"modified":"2025-08-11T04:43:05","modified_gmt":"2025-08-11T04:43:05","slug":"pins-i-tra-2","status":"publish","type":"product","link":"https:\/\/yourmerch.se\/en\/product\/pins-i-tra-2\/","title":{"rendered":"PINS I TR\u00c4"},"content":{"rendered":"<p>Tr\u00e4pins i egen form.<br \/>\nStandardstorlek ca 25-30 mm (st\u00f6rre storlek = priset \u00f6kar).<br \/>\nMaterial: FSC tr\u00e4 (basswood tillh\u00f6r lindsl\u00e4ktet)<br \/>\nM\u00e4rkning: Fullf\u00e4rgs tryck eller lasergravyr<br \/>\nF\u00e4ste: Pinsn\u00e5l, magnet.<\/p>\n<p>Observera att tryck sker p\u00e5 tr\u00e4, d\u00e4rf\u00f6r kommer, f\u00e4rg och textur att variera fr\u00e5n pin till pin, f\u00e4rgen kommer inte heller att kunna \u00e5terges p\u00e5 samma s\u00e4tt som tryck p\u00e5 annat material. \u00c4r ni os\u00e4kra kan ni best\u00e4lla ett fotoprov i samband med best\u00e4llningen.<\/p>\n<p>Fr\u00e5n: 100 st<br \/>\nLeveranstid ca. 4-5 veckor efter godk\u00e4nt korrektur.<\/p>","protected":false},"excerpt":{"rendered":"<style>\n.single_add_to_cart_button:not(#wcraq_add_to_quote),\n.quantity.buttons_added.simple-type{display:none !important;}\n<\/style>","protected":false},"featured_media":7130,"comment_status":"open","ping_status":"closed","template":"","meta":[],"product_brand":[],"product_cat":[75],"product_tag":[],"class_list":{"0":"post-7129","1":"product","2":"type-product","3":"status-publish","4":"has-post-thumbnail","6":"product_cat-pins","8":"first","9":"instock","10":"shipping-taxable","11":"product-type-simple"},"_links":{"self":[{"href":"https:\/\/yourmerch.se\/en\/wp-json\/wp\/v2\/product\/7129","targetHints":{"allow":["GET"]}}],"collection":[{"href":"https:\/\/yourmerch.se\/en\/wp-json\/wp\/v2\/product"}],"about":[{"href":"https:\/\/yourmerch.se\/en\/wp-json\/wp\/v2\/types\/product"}],"replies":[{"embeddable":true,"href":"https:\/\/yourmerch.se\/en\/wp-json\/wp\/v2\/comments?post=7129"}],"wp:featuredmedia":[{"embeddable":true,"href":"https:\/\/yourmerch.se\/en\/wp-json\/wp\/v2\/media\/7130"}],"wp:attachment":[{"href":"https:\/\/yourmerch.se\/en\/wp-json\/wp\/v2\/media?parent=7129"}],"wp:term":[{"taxonomy":"product_brand","embeddable":true,"href":"https:\/\/yourmerch.se\/en\/wp-json\/wp\/v2\/product_brand?post=7129"},{"taxonomy":"product_cat","embeddable":true,"href":"https:\/\/yourmerch.se\/en\/wp-json\/wp\/v2\/product_cat?post=7129"},{"taxonomy":"product_tag","embeddable":true,"href":"https:\/\/yourmerch.se\/en\/wp-json\/wp\/v2\/product_tag?post=7129"}],"curies":[{"name":"wp","href":"https:\/\/api.w.org\/{rel}","templated":true}]}}