{"id":7112,"date":"2025-08-11T04:31:44","date_gmt":"2025-08-11T04:31:44","guid":{"rendered":"https:\/\/yourmerch.se\/?post_type=product&#038;p=7112"},"modified":"2025-08-11T04:31:44","modified_gmt":"2025-08-11T04:31:44","slug":"boxar","status":"publish","type":"product","link":"https:\/\/yourmerch.se\/en\/product\/boxar\/","title":{"rendered":"BOXAR"},"content":{"rendered":"<p>Vi erbjuder alla typer av f\u00f6rpackningar till de produkter du best\u00e4ller hos oss.<br \/>\nPapperskort, p\u00e5sar i sammet, satin, bomull, organza, displayboxar, plastboxar mm.<\/p>\n<p>Vi kan skapa er produkt fr\u00e5n scratch och f\u00f6rpacka r\u00e4tt direkt f\u00f6r att underl\u00e4tta er distribution f\u00f6r b\u00e4sta resultat och f\u00f6r att undvika fel och extra kostnader. Kontakta oss med ert projekt s\u00e5 hj\u00e4lper vi er hela v\u00e4gen.<\/p>\n<p>Fr\u00e5n: 100 st<br \/>\nLeveranstid ca. 3-5 veckor efter godk\u00e4nt korrektur beroende p\u00e5 produkt\/antal.<\/p>","protected":false},"excerpt":{"rendered":"<p>Vi erbjuder alla typer av f\u00f6rpackningar till de produkter du best\u00e4ller hos oss. Papperskort, p\u00e5sar i sammet, satin, bomull, organza, displayboxar, plastboxar mm. Vi kan skapa er produkt fr\u00e5n scratch och f\u00f6rpacka r\u00e4tt direkt f\u00f6r att underl\u00e4tta er distribution f\u00f6r b\u00e4sta resultat och f\u00f6r att undvika fel och extra kostnader. Kontakta oss med ert projekt [&hellip;]<\/p>","protected":false},"featured_media":7123,"comment_status":"open","ping_status":"closed","template":"","meta":[],"product_brand":[],"product_cat":[111],"product_tag":[],"class_list":{"0":"post-7112","1":"product","2":"type-product","3":"status-publish","4":"has-post-thumbnail","6":"product_cat-forpackningar","8":"first","9":"instock","10":"shipping-taxable","11":"product-type-simple"},"_links":{"self":[{"href":"https:\/\/yourmerch.se\/en\/wp-json\/wp\/v2\/product\/7112","targetHints":{"allow":["GET"]}}],"collection":[{"href":"https:\/\/yourmerch.se\/en\/wp-json\/wp\/v2\/product"}],"about":[{"href":"https:\/\/yourmerch.se\/en\/wp-json\/wp\/v2\/types\/product"}],"replies":[{"embeddable":true,"href":"https:\/\/yourmerch.se\/en\/wp-json\/wp\/v2\/comments?post=7112"}],"wp:featuredmedia":[{"embeddable":true,"href":"https:\/\/yourmerch.se\/en\/wp-json\/wp\/v2\/media\/7123"}],"wp:attachment":[{"href":"https:\/\/yourmerch.se\/en\/wp-json\/wp\/v2\/media?parent=7112"}],"wp:term":[{"taxonomy":"product_brand","embeddable":true,"href":"https:\/\/yourmerch.se\/en\/wp-json\/wp\/v2\/product_brand?post=7112"},{"taxonomy":"product_cat","embeddable":true,"href":"https:\/\/yourmerch.se\/en\/wp-json\/wp\/v2\/product_cat?post=7112"},{"taxonomy":"product_tag","embeddable":true,"href":"https:\/\/yourmerch.se\/en\/wp-json\/wp\/v2\/product_tag?post=7112"}],"curies":[{"name":"wp","href":"https:\/\/api.w.org\/{rel}","templated":true}]}}