{"id":7071,"date":"2025-08-08T05:55:02","date_gmt":"2025-08-08T05:55:02","guid":{"rendered":"https:\/\/yourmerch.se\/?post_type=product&#038;p=7071"},"modified":"2025-08-08T05:55:02","modified_gmt":"2025-08-08T05:55:02","slug":"ringar","status":"publish","type":"product","link":"https:\/\/yourmerch.se\/en\/product\/ringar\/","title":{"rendered":"RINGAR"},"content":{"rendered":"<p>Vi specialtillverkar egendesignade ringar i metall med ert f\u00f6retags eller klubblogotyp. Standard (exempel X-ring) \u00e4r m\u00e4ssing. Ut\u00f6ver detta kan vi \u00e4ven tillverka ringarna i Sterling Silver (925), M\u00e4ssing med 18 K guldpl\u00e4tering. Vanliga anv\u00e4ndningsomr\u00e5den \u00e4r: Milit\u00e4r-, Veteran-, College-, Skol-, M\u00e4starringar (Championrings).<\/p>\n<p>Fr\u00e5n: 100 st.<br \/>\nLeveranstid ca. 5-6 veckor efter godk\u00e4nt korrektur.<\/p>","protected":false},"excerpt":{"rendered":"<style>\n.single_add_to_cart_button:not(#wcraq_add_to_quote),\n.quantity.buttons_added.simple-type{display:none !important;}\n<\/style>","protected":false},"featured_media":7072,"comment_status":"open","ping_status":"closed","template":"","meta":[],"product_brand":[],"product_cat":[127],"product_tag":[],"class_list":{"0":"post-7071","1":"product","2":"type-product","3":"status-publish","4":"has-post-thumbnail","6":"product_cat-ovrigt","8":"first","9":"instock","10":"shipping-taxable","11":"product-type-simple"},"_links":{"self":[{"href":"https:\/\/yourmerch.se\/en\/wp-json\/wp\/v2\/product\/7071","targetHints":{"allow":["GET"]}}],"collection":[{"href":"https:\/\/yourmerch.se\/en\/wp-json\/wp\/v2\/product"}],"about":[{"href":"https:\/\/yourmerch.se\/en\/wp-json\/wp\/v2\/types\/product"}],"replies":[{"embeddable":true,"href":"https:\/\/yourmerch.se\/en\/wp-json\/wp\/v2\/comments?post=7071"}],"wp:featuredmedia":[{"embeddable":true,"href":"https:\/\/yourmerch.se\/en\/wp-json\/wp\/v2\/media\/7072"}],"wp:attachment":[{"href":"https:\/\/yourmerch.se\/en\/wp-json\/wp\/v2\/media?parent=7071"}],"wp:term":[{"taxonomy":"product_brand","embeddable":true,"href":"https:\/\/yourmerch.se\/en\/wp-json\/wp\/v2\/product_brand?post=7071"},{"taxonomy":"product_cat","embeddable":true,"href":"https:\/\/yourmerch.se\/en\/wp-json\/wp\/v2\/product_cat?post=7071"},{"taxonomy":"product_tag","embeddable":true,"href":"https:\/\/yourmerch.se\/en\/wp-json\/wp\/v2\/product_tag?post=7071"}],"curies":[{"name":"wp","href":"https:\/\/api.w.org\/{rel}","templated":true}]}}