{"id":7020,"date":"2025-08-08T05:51:13","date_gmt":"2025-08-08T05:51:13","guid":{"rendered":"https:\/\/yourmerch.se\/?post_type=product&#038;p=7020"},"modified":"2025-08-20T16:21:44","modified_gmt":"2025-08-20T16:21:44","slug":"kylskapsmagnet-snabb","status":"publish","type":"product","link":"https:\/\/yourmerch.se\/en\/product\/kylskapsmagnet-snabb\/","title":{"rendered":"KYLSK\u00c5PSMAGNET &#8211; SNABB"},"content":{"rendered":"<p>Kylsk\u00e5psmagneter i metall. Inklusive fullf\u00e4rgstryck.<br \/>\nStandardstorlekar med t\u00e4ckande magnet p\u00e5 baksidan f\u00f6r maximalt f\u00e4ste.<\/p>\n<p>25&#215;25 mm 1491-23565<br \/>\n38&#215;38 mm 1491-23844<br \/>\n50&#215;50 mm 1491-23845<br \/>\n65&#215;65 mm 1491-23846<br \/>\n80&#215;80 mm 1491-23847<br \/>\n45&#215;70 mm 1491-23848<br \/>\n78&#215;53 mm 1491-23849<br \/>\n90&#215;65 mm 1491-23850<\/p>\n<p>Fr\u00e5n: 300 st.<br \/>\nLeveranstid ca. 3 veckor efter godk\u00e4nt korrektur.<\/p>","protected":false},"excerpt":{"rendered":"<p>Kylsk\u00e5psmagneter i metall. Inklusive fullf\u00e4rgstryck. Standardstorlekar med t\u00e4ckande magnet p\u00e5 baksidan f\u00f6r maximalt f\u00e4ste. 25&#215;25 mm 1491-23565 38&#215;38 mm 1491-23844 50&#215;50 mm 1491-23845 65&#215;65 mm 1491-23846 80&#215;80 mm 1491-23847 45&#215;70 mm 1491-23848 78&#215;53 mm 1491-23849 90&#215;65 mm 1491-23850 Fr\u00e5n: 300 st. Leveranstid ca. 3 veckor efter godk\u00e4nt korrektur.<\/p>","protected":false},"featured_media":7075,"comment_status":"open","ping_status":"closed","template":"","meta":[],"product_brand":[],"product_cat":[113],"product_tag":[],"class_list":{"0":"post-7020","1":"product","2":"type-product","3":"status-publish","4":"has-post-thumbnail","6":"product_cat-kylskapsmagneter","8":"first","9":"instock","10":"virtual","11":"purchasable","12":"product-type-simple"},"_links":{"self":[{"href":"https:\/\/yourmerch.se\/en\/wp-json\/wp\/v2\/product\/7020","targetHints":{"allow":["GET"]}}],"collection":[{"href":"https:\/\/yourmerch.se\/en\/wp-json\/wp\/v2\/product"}],"about":[{"href":"https:\/\/yourmerch.se\/en\/wp-json\/wp\/v2\/types\/product"}],"replies":[{"embeddable":true,"href":"https:\/\/yourmerch.se\/en\/wp-json\/wp\/v2\/comments?post=7020"}],"wp:featuredmedia":[{"embeddable":true,"href":"https:\/\/yourmerch.se\/en\/wp-json\/wp\/v2\/media\/7075"}],"wp:attachment":[{"href":"https:\/\/yourmerch.se\/en\/wp-json\/wp\/v2\/media?parent=7020"}],"wp:term":[{"taxonomy":"product_brand","embeddable":true,"href":"https:\/\/yourmerch.se\/en\/wp-json\/wp\/v2\/product_brand?post=7020"},{"taxonomy":"product_cat","embeddable":true,"href":"https:\/\/yourmerch.se\/en\/wp-json\/wp\/v2\/product_cat?post=7020"},{"taxonomy":"product_tag","embeddable":true,"href":"https:\/\/yourmerch.se\/en\/wp-json\/wp\/v2\/product_tag?post=7020"}],"curies":[{"name":"wp","href":"https:\/\/api.w.org\/{rel}","templated":true}]}}