{"id":7013,"date":"2025-08-08T05:39:43","date_gmt":"2025-08-08T05:39:43","guid":{"rendered":"https:\/\/yourmerch.se\/?post_type=product&#038;p=7013"},"modified":"2025-08-08T05:39:43","modified_gmt":"2025-08-08T05:39:43","slug":"kylskapsmagnet-special","status":"publish","type":"product","link":"https:\/\/yourmerch.se\/en\/product\/kylskapsmagnet-special\/","title":{"rendered":"KYLSK\u00c5PSMAGNET &#8211; SPECIAL"},"content":{"rendered":"<p>Kylsk\u00e5psmagneter i metall. Inklusive fullf\u00e4rgstryck alternativt en figur i 3D<br \/>\nKontakta oss med ditt projekt s\u00e5 tar vi fram ett f\u00f6rslag.<\/p>\n<p>Metall: Pinsmetod + rund magnet 100 st<br \/>\nMetall: Platt aluminium 250 st<br \/>\nGummi 3D: 1000 st<\/p>\n<p>Leveranstid ca. 4-5 veckor efter godk\u00e4nt korrektur.<\/p>","protected":false},"excerpt":{"rendered":"<style>\n.single_add_to_cart_button:not(#wcraq_add_to_quote),\n.quantity.buttons_added.simple-type{display:none !important;}\n<\/style>","protected":false},"featured_media":7014,"comment_status":"open","ping_status":"closed","template":"","meta":[],"product_brand":[],"product_cat":[113],"product_tag":[],"class_list":{"0":"post-7013","1":"product","2":"type-product","3":"status-publish","4":"has-post-thumbnail","6":"product_cat-kylskapsmagneter","8":"first","9":"instock","10":"shipping-taxable","11":"product-type-simple"},"_links":{"self":[{"href":"https:\/\/yourmerch.se\/en\/wp-json\/wp\/v2\/product\/7013","targetHints":{"allow":["GET"]}}],"collection":[{"href":"https:\/\/yourmerch.se\/en\/wp-json\/wp\/v2\/product"}],"about":[{"href":"https:\/\/yourmerch.se\/en\/wp-json\/wp\/v2\/types\/product"}],"replies":[{"embeddable":true,"href":"https:\/\/yourmerch.se\/en\/wp-json\/wp\/v2\/comments?post=7013"}],"wp:featuredmedia":[{"embeddable":true,"href":"https:\/\/yourmerch.se\/en\/wp-json\/wp\/v2\/media\/7014"}],"wp:attachment":[{"href":"https:\/\/yourmerch.se\/en\/wp-json\/wp\/v2\/media?parent=7013"}],"wp:term":[{"taxonomy":"product_brand","embeddable":true,"href":"https:\/\/yourmerch.se\/en\/wp-json\/wp\/v2\/product_brand?post=7013"},{"taxonomy":"product_cat","embeddable":true,"href":"https:\/\/yourmerch.se\/en\/wp-json\/wp\/v2\/product_cat?post=7013"},{"taxonomy":"product_tag","embeddable":true,"href":"https:\/\/yourmerch.se\/en\/wp-json\/wp\/v2\/product_tag?post=7013"}],"curies":[{"name":"wp","href":"https:\/\/api.w.org\/{rel}","templated":true}]}}