{"id":7008,"date":"2025-08-08T05:37:29","date_gmt":"2025-08-08T05:37:29","guid":{"rendered":"https:\/\/yourmerch.se\/?post_type=product&#038;p=7008"},"modified":"2025-08-08T05:37:47","modified_gmt":"2025-08-08T05:37:47","slug":"magnet-kapsyloppnare","status":"publish","type":"product","link":"https:\/\/yourmerch.se\/en\/product\/magnet-kapsyloppnare\/","title":{"rendered":"MAGNET &#038; KAPSYL\u00d6PPNARE"},"content":{"rendered":"<p>En bestseller! Kostnadseffektiv produkt, kylsk\u00e5psmagnet samt kapsyl\u00f6ppnare i ett.<br \/>\nBakstycket \u00e4r i gedigen metall samt med en mycket stark magnet, p\u00e5 framsidan finns plats f\u00f6r stort tryck i fullf\u00e4rg.<\/p>\n<p>Perfekt att s\u00e4lja tex i en museishop, p\u00e5 en camping, i ett galleri etc.<br \/>\nPriset inkluderar 4f tryck, s\u00e5 det g\u00e5r \u00e4ven att trycka foton.<\/p>\n<p>Fr\u00e5n: 250 st<br \/>\nLeveranstid ca. 3 veckor efter godk\u00e4nt korrektur.<\/p>","protected":false},"excerpt":{"rendered":"<style>\n.single_add_to_cart_button:not(#wcraq_add_to_quote),\n.quantity.buttons_added.simple-type{display:none !important;}\n<\/style>","protected":false},"featured_media":7011,"comment_status":"open","ping_status":"closed","template":"","meta":[],"product_brand":[],"product_cat":[113],"product_tag":[],"class_list":{"0":"post-7008","1":"product","2":"type-product","3":"status-publish","4":"has-post-thumbnail","6":"product_cat-kylskapsmagneter","8":"first","9":"instock","10":"shipping-taxable","11":"product-type-simple"},"_links":{"self":[{"href":"https:\/\/yourmerch.se\/en\/wp-json\/wp\/v2\/product\/7008","targetHints":{"allow":["GET"]}}],"collection":[{"href":"https:\/\/yourmerch.se\/en\/wp-json\/wp\/v2\/product"}],"about":[{"href":"https:\/\/yourmerch.se\/en\/wp-json\/wp\/v2\/types\/product"}],"replies":[{"embeddable":true,"href":"https:\/\/yourmerch.se\/en\/wp-json\/wp\/v2\/comments?post=7008"}],"wp:featuredmedia":[{"embeddable":true,"href":"https:\/\/yourmerch.se\/en\/wp-json\/wp\/v2\/media\/7011"}],"wp:attachment":[{"href":"https:\/\/yourmerch.se\/en\/wp-json\/wp\/v2\/media?parent=7008"}],"wp:term":[{"taxonomy":"product_brand","embeddable":true,"href":"https:\/\/yourmerch.se\/en\/wp-json\/wp\/v2\/product_brand?post=7008"},{"taxonomy":"product_cat","embeddable":true,"href":"https:\/\/yourmerch.se\/en\/wp-json\/wp\/v2\/product_cat?post=7008"},{"taxonomy":"product_tag","embeddable":true,"href":"https:\/\/yourmerch.se\/en\/wp-json\/wp\/v2\/product_tag?post=7008"}],"curies":[{"name":"wp","href":"https:\/\/api.w.org\/{rel}","templated":true}]}}