{"id":7007,"date":"2025-08-08T05:36:25","date_gmt":"2025-08-08T05:36:25","guid":{"rendered":"https:\/\/yourmerch.se\/?post_type=product&#038;p=7007"},"modified":"2025-08-08T05:36:25","modified_gmt":"2025-08-08T05:36:25","slug":"3d-miniatyr","status":"publish","type":"product","link":"https:\/\/yourmerch.se\/en\/product\/3d-miniatyr\/","title":{"rendered":"3D MINIATYR"},"content":{"rendered":"<p>Vi kan producera 3D miniatyrer, statyetter, figurer eller er logo i metall.<\/p>\n<p>Priset avg\u00f6rs av design storlek samt antal.<br \/>\nSkicka in er logo\/skiss ange antal samt \u00f6nskad storlek, etc. s\u00e5 erh\u00e5ller ni en offert.<\/p>\n<p>Fr\u00e5n: 100 st.<br \/>\nLeveranstid ca. 5-6 veckor efter godk\u00e4nt fotoprov.<\/p>","protected":false},"excerpt":{"rendered":"<style>\n.single_add_to_cart_button:not(#wcraq_add_to_quote),\n.quantity.buttons_added.simple-type{display:none !important;}\n<\/style>","protected":false},"featured_media":7009,"comment_status":"open","ping_status":"closed","template":"","meta":[],"product_brand":[],"product_cat":[127],"product_tag":[],"class_list":{"0":"post-7007","1":"product","2":"type-product","3":"status-publish","4":"has-post-thumbnail","6":"product_cat-ovrigt","8":"first","9":"instock","10":"shipping-taxable","11":"product-type-simple"},"_links":{"self":[{"href":"https:\/\/yourmerch.se\/en\/wp-json\/wp\/v2\/product\/7007","targetHints":{"allow":["GET"]}}],"collection":[{"href":"https:\/\/yourmerch.se\/en\/wp-json\/wp\/v2\/product"}],"about":[{"href":"https:\/\/yourmerch.se\/en\/wp-json\/wp\/v2\/types\/product"}],"replies":[{"embeddable":true,"href":"https:\/\/yourmerch.se\/en\/wp-json\/wp\/v2\/comments?post=7007"}],"wp:featuredmedia":[{"embeddable":true,"href":"https:\/\/yourmerch.se\/en\/wp-json\/wp\/v2\/media\/7009"}],"wp:attachment":[{"href":"https:\/\/yourmerch.se\/en\/wp-json\/wp\/v2\/media?parent=7007"}],"wp:term":[{"taxonomy":"product_brand","embeddable":true,"href":"https:\/\/yourmerch.se\/en\/wp-json\/wp\/v2\/product_brand?post=7007"},{"taxonomy":"product_cat","embeddable":true,"href":"https:\/\/yourmerch.se\/en\/wp-json\/wp\/v2\/product_cat?post=7007"},{"taxonomy":"product_tag","embeddable":true,"href":"https:\/\/yourmerch.se\/en\/wp-json\/wp\/v2\/product_tag?post=7007"}],"curies":[{"name":"wp","href":"https:\/\/api.w.org\/{rel}","templated":true}]}}