{"id":6981,"date":"2025-08-08T05:22:44","date_gmt":"2025-08-08T05:22:44","guid":{"rendered":"https:\/\/yourmerch.se\/?post_type=product&#038;p=6981"},"modified":"2025-08-08T05:22:44","modified_gmt":"2025-08-08T05:22:44","slug":"elastiskt-balte-med-logo","status":"publish","type":"product","link":"https:\/\/yourmerch.se\/en\/product\/elastiskt-balte-med-logo\/","title":{"rendered":"ELASTISKT B\u00c4LTE MED LOGO"},"content":{"rendered":"<p>B\u00e4lte (sk\u00e4rp) med egen logo, kombinera 1-3 f\u00e4rger p\u00e5 b\u00e4ltet.<br \/>\nLogo pr\u00e4glas i veganl\u00e4der (PU), sp\u00e4nne i kromad metall.<br \/>\nBredd: 3,5 cm<br \/>\nL\u00e4ngd: 105 cm (standard)<br \/>\nF\u00f6rpackas 1 st OPP bag<\/p>\n<p>Pris: Be om offert (min 200 st) min 50 st per storlek<br \/>\nCertifikat: BSCI<\/p>\n<p>Storlekar:<br \/>\nXS\/Barn, ungdom upp till ca 15 \u00e5r 80 cm<br \/>\nSmall 90 cm<br \/>\nMedium 100 cm<br \/>\nLarge 105 cm<br \/>\nXL 115 cm<\/p>\n<p>Fr\u00e5n: 200 st<br \/>\nLeveranstid ca 6 veckor efter godk\u00e4nt fotoprov.<\/p>","protected":false},"excerpt":{"rendered":"<style>\n.single_add_to_cart_button:not(#wcraq_add_to_quote),\n.quantity.buttons_added.simple-type{display:none !important;}\n<\/style>","protected":false},"featured_media":6986,"comment_status":"open","ping_status":"closed","template":"","meta":[],"product_brand":[],"product_cat":[127],"product_tag":[],"class_list":{"0":"post-6981","1":"product","2":"type-product","3":"status-publish","4":"has-post-thumbnail","6":"product_cat-ovrigt","8":"first","9":"instock","10":"shipping-taxable","11":"product-type-simple"},"_links":{"self":[{"href":"https:\/\/yourmerch.se\/en\/wp-json\/wp\/v2\/product\/6981","targetHints":{"allow":["GET"]}}],"collection":[{"href":"https:\/\/yourmerch.se\/en\/wp-json\/wp\/v2\/product"}],"about":[{"href":"https:\/\/yourmerch.se\/en\/wp-json\/wp\/v2\/types\/product"}],"replies":[{"embeddable":true,"href":"https:\/\/yourmerch.se\/en\/wp-json\/wp\/v2\/comments?post=6981"}],"wp:featuredmedia":[{"embeddable":true,"href":"https:\/\/yourmerch.se\/en\/wp-json\/wp\/v2\/media\/6986"}],"wp:attachment":[{"href":"https:\/\/yourmerch.se\/en\/wp-json\/wp\/v2\/media?parent=6981"}],"wp:term":[{"taxonomy":"product_brand","embeddable":true,"href":"https:\/\/yourmerch.se\/en\/wp-json\/wp\/v2\/product_brand?post=6981"},{"taxonomy":"product_cat","embeddable":true,"href":"https:\/\/yourmerch.se\/en\/wp-json\/wp\/v2\/product_cat?post=6981"},{"taxonomy":"product_tag","embeddable":true,"href":"https:\/\/yourmerch.se\/en\/wp-json\/wp\/v2\/product_tag?post=6981"}],"curies":[{"name":"wp","href":"https:\/\/api.w.org\/{rel}","templated":true}]}}