{"id":6942,"date":"2025-08-08T04:30:02","date_gmt":"2025-08-08T04:30:02","guid":{"rendered":"https:\/\/yourmerch.se\/?post_type=product&#038;p=6942"},"modified":"2025-08-08T05:12:17","modified_gmt":"2025-08-08T05:12:17","slug":"logoband-eco","status":"publish","type":"product","link":"https:\/\/yourmerch.se\/en\/product\/logoband-eco\/","title":{"rendered":"LOGOBAND ECO"},"content":{"rendered":"<p>L\u00e5ngt Logoband tillverkat i 100% RPET (returplast)<br \/>\nStandardstorleken \u00e4r 20 mm bred, men vi kan ocks\u00e5 g\u00f6ra andra storlekar.<br \/>\nKan ej best\u00e4llas online. Beg\u00e4r offert.<br \/>\nInklusive karbinhake 4 f\u00e4rgs sublimeringstryck p\u00e5 b\u00e5da sidorna (samma eller olika tryck).<br \/>\nTrycket positioneras p\u00e5 1.a sidan, p\u00e5 baksidan l\u00f6per trycket utan positionering<\/p>","protected":false},"excerpt":{"rendered":"<style>\n.single_add_to_cart_button:not(#wcraq_add_to_quote),\n.quantity.buttons_added.simple-type{display:none !important;}\n<\/style>","protected":false},"featured_media":6947,"comment_status":"open","ping_status":"closed","template":"","meta":[],"product_brand":[],"product_cat":[128],"product_tag":[],"class_list":{"0":"post-6942","1":"product","2":"type-product","3":"status-publish","4":"has-post-thumbnail","6":"product_cat-logoband","8":"first","9":"instock","10":"shipping-taxable","11":"product-type-simple"},"_links":{"self":[{"href":"https:\/\/yourmerch.se\/en\/wp-json\/wp\/v2\/product\/6942","targetHints":{"allow":["GET"]}}],"collection":[{"href":"https:\/\/yourmerch.se\/en\/wp-json\/wp\/v2\/product"}],"about":[{"href":"https:\/\/yourmerch.se\/en\/wp-json\/wp\/v2\/types\/product"}],"replies":[{"embeddable":true,"href":"https:\/\/yourmerch.se\/en\/wp-json\/wp\/v2\/comments?post=6942"}],"wp:featuredmedia":[{"embeddable":true,"href":"https:\/\/yourmerch.se\/en\/wp-json\/wp\/v2\/media\/6947"}],"wp:attachment":[{"href":"https:\/\/yourmerch.se\/en\/wp-json\/wp\/v2\/media?parent=6942"}],"wp:term":[{"taxonomy":"product_brand","embeddable":true,"href":"https:\/\/yourmerch.se\/en\/wp-json\/wp\/v2\/product_brand?post=6942"},{"taxonomy":"product_cat","embeddable":true,"href":"https:\/\/yourmerch.se\/en\/wp-json\/wp\/v2\/product_cat?post=6942"},{"taxonomy":"product_tag","embeddable":true,"href":"https:\/\/yourmerch.se\/en\/wp-json\/wp\/v2\/product_tag?post=6942"}],"curies":[{"name":"wp","href":"https:\/\/api.w.org\/{rel}","templated":true}]}}