{"id":6902,"date":"2025-08-07T11:45:43","date_gmt":"2025-08-07T11:45:43","guid":{"rendered":"https:\/\/yourmerch.se\/?post_type=product&#038;p=6902"},"modified":"2025-08-07T11:59:25","modified_gmt":"2025-08-07T11:59:25","slug":"eventarmband-tyvek","status":"publish","type":"product","link":"https:\/\/yourmerch.se\/en\/product\/eventarmband-tyvek\/","title":{"rendered":"EVENTARMBAND TYVEK"},"content":{"rendered":"<p>Festivalband f\u00f6r eng\u00e5ngsbruk i slitstarkt samt vattent\u00e5ligt band i tyvek.<br \/>\nStorlek: 250 x 25 mm.<br \/>\nInklusive fullf\u00e4rgs tryck.<br \/>\nLeveranstid ca 3 veckor efter godk\u00e4nt korrektur.<br \/>\nFr\u00e5n 1000 st.<\/p>","protected":false},"excerpt":{"rendered":"<style>\n.single_add_to_cart_button:not(#wcraq_add_to_quote),\n.quantity.buttons_added.simple-type{display:none !important;}\n<\/style>","protected":false},"featured_media":6904,"comment_status":"open","ping_status":"closed","template":"","meta":[],"product_brand":[],"product_cat":[114],"product_tag":[],"class_list":{"0":"post-6902","1":"product","2":"type-product","3":"status-publish","4":"has-post-thumbnail","6":"product_cat-eventarmband","8":"first","9":"instock","10":"shipping-taxable","11":"product-type-simple"},"_links":{"self":[{"href":"https:\/\/yourmerch.se\/en\/wp-json\/wp\/v2\/product\/6902","targetHints":{"allow":["GET"]}}],"collection":[{"href":"https:\/\/yourmerch.se\/en\/wp-json\/wp\/v2\/product"}],"about":[{"href":"https:\/\/yourmerch.se\/en\/wp-json\/wp\/v2\/types\/product"}],"replies":[{"embeddable":true,"href":"https:\/\/yourmerch.se\/en\/wp-json\/wp\/v2\/comments?post=6902"}],"wp:featuredmedia":[{"embeddable":true,"href":"https:\/\/yourmerch.se\/en\/wp-json\/wp\/v2\/media\/6904"}],"wp:attachment":[{"href":"https:\/\/yourmerch.se\/en\/wp-json\/wp\/v2\/media?parent=6902"}],"wp:term":[{"taxonomy":"product_brand","embeddable":true,"href":"https:\/\/yourmerch.se\/en\/wp-json\/wp\/v2\/product_brand?post=6902"},{"taxonomy":"product_cat","embeddable":true,"href":"https:\/\/yourmerch.se\/en\/wp-json\/wp\/v2\/product_cat?post=6902"},{"taxonomy":"product_tag","embeddable":true,"href":"https:\/\/yourmerch.se\/en\/wp-json\/wp\/v2\/product_tag?post=6902"}],"curies":[{"name":"wp","href":"https:\/\/api.w.org\/{rel}","templated":true}]}}