{"id":6848,"date":"2025-08-07T10:35:22","date_gmt":"2025-08-07T10:35:22","guid":{"rendered":"https:\/\/yourmerch.se\/?post_type=product&#038;p=6848"},"modified":"2025-08-07T12:04:23","modified_gmt":"2025-08-07T12:04:23","slug":"minnesmynt","status":"publish","type":"product","link":"https:\/\/yourmerch.se\/en\/product\/minnesmynt\/","title":{"rendered":"MINNESMYNT"},"content":{"rendered":"<p>Minnesmynt\/coins\/utm\u00e4rkelse\/plakett. Uppskattad liten g\u00e5va f\u00f6r att tex &#8221;till minne av&#8221;, alternativt f\u00f6r trogen tj\u00e4nst, turnering, efter avslutad utbildning mm.<\/p>\n<p>Myntet pr\u00e4glas som standard i blank metall med emalj upp till 4 f\u00e4rger p\u00e5 en eller b\u00e5da sidor alternativt utan f\u00e4rg med blank\/matt metall alternativt antikbehandlad metall (utan emaljf\u00e4rg) rekommenderas f\u00f6r b\u00e4sta kontrast. Sl\u00e4ta kanter som standard, facetterad klant mot offert.<\/p>\n<p>F\u00f6rpackas 1 st i polybag alt. box.<br \/>\nStandardstorlek: 40 mm.<br \/>\nTjocklek: 3 mm (\u00f6vriga storlekar, tjocklekar mot offert)<\/p>\n<p>Valm\u00f6jligheter:<br \/>\nMed f\u00e4rg (emalj) blank metall: Guld, Silver, Koppar (r\u00f6d ton).<br \/>\nUtan f\u00e4rg: Upph\u00f6jda delar blank metall, neds\u00e4nkta delar &#8221;textur&#8221; (skrovlig): Guld, Silver, Koppar (r\u00f6d ton).<br \/>\nUtan f\u00e4rg: Upph\u00f6jda och neds\u00e4nkta delar matt metall: Guld, Silver, Koppar (r\u00f6d ton).<br \/>\nUtan f\u00e4rg: All metall med antikfinish: Antik Guld, Antik Silver, Antik Koppar (r\u00f6d ton).<\/p>\n<p>Fr\u00e5n: 100 st<br \/>\nLeveranstid ca 4-5 veckor efter godk\u00e4nt korrektur.<\/p>","protected":false},"excerpt":{"rendered":"<style>\n.single_add_to_cart_button:not(#wcraq_add_to_quote),\n.quantity.buttons_added.simple-type{display:none !important;}\n<\/style>","protected":false},"featured_media":6849,"comment_status":"open","ping_status":"closed","template":"","meta":[],"product_brand":[],"product_cat":[134],"product_tag":[],"class_list":{"0":"post-6848","1":"product","2":"type-product","3":"status-publish","4":"has-post-thumbnail","6":"product_cat-mynt","8":"first","9":"instock","10":"shipping-taxable","11":"product-type-simple"},"_links":{"self":[{"href":"https:\/\/yourmerch.se\/en\/wp-json\/wp\/v2\/product\/6848","targetHints":{"allow":["GET"]}}],"collection":[{"href":"https:\/\/yourmerch.se\/en\/wp-json\/wp\/v2\/product"}],"about":[{"href":"https:\/\/yourmerch.se\/en\/wp-json\/wp\/v2\/types\/product"}],"replies":[{"embeddable":true,"href":"https:\/\/yourmerch.se\/en\/wp-json\/wp\/v2\/comments?post=6848"}],"wp:featuredmedia":[{"embeddable":true,"href":"https:\/\/yourmerch.se\/en\/wp-json\/wp\/v2\/media\/6849"}],"wp:attachment":[{"href":"https:\/\/yourmerch.se\/en\/wp-json\/wp\/v2\/media?parent=6848"}],"wp:term":[{"taxonomy":"product_brand","embeddable":true,"href":"https:\/\/yourmerch.se\/en\/wp-json\/wp\/v2\/product_brand?post=6848"},{"taxonomy":"product_cat","embeddable":true,"href":"https:\/\/yourmerch.se\/en\/wp-json\/wp\/v2\/product_cat?post=6848"},{"taxonomy":"product_tag","embeddable":true,"href":"https:\/\/yourmerch.se\/en\/wp-json\/wp\/v2\/product_tag?post=6848"}],"curies":[{"name":"wp","href":"https:\/\/api.w.org\/{rel}","templated":true}]}}