{"id":6825,"date":"2025-08-07T04:44:18","date_gmt":"2025-08-07T04:44:18","guid":{"rendered":"https:\/\/yourmerch.se\/?post_type=product&#038;p=6825"},"modified":"2025-08-07T04:44:18","modified_gmt":"2025-08-07T04:44:18","slug":"namnskyltar-i-plast","status":"publish","type":"product","link":"https:\/\/yourmerch.se\/en\/product\/namnskyltar-i-plast\/","title":{"rendered":"NAMNSKYLTAR I PLAST"},"content":{"rendered":"<p>Namnskyltar med er logo samt eventuell titel tryckt.<br \/>\nNamnlista skickas som excelfil: Be om en mall<\/p>\n<p>Fr\u00e5n: 12 st.<br \/>\nF\u00e4rger: Fyrf\u00e4rgstryck.<br \/>\nBaksida: N\u00e5l som standard. Magnet eller Milit\u00e4rkl\u00e4mma som till\u00e4gg.<br \/>\nLeveranstid ca 3-4 veckor efter godk\u00e4nt korrektur. Alt. 2 veckor mot till\u00e4gg.<\/p>","protected":false},"excerpt":{"rendered":"<style>\n.single_add_to_cart_button:not(#wcraq_add_to_quote),\n.quantity.buttons_added.simple-type{display:none !important;}\n<\/style>","protected":false},"featured_media":6826,"comment_status":"open","ping_status":"closed","template":"","meta":[],"product_brand":[],"product_cat":[110],"product_tag":[],"class_list":{"0":"post-6825","1":"product","2":"type-product","3":"status-publish","4":"has-post-thumbnail","6":"product_cat-namnskyltar","8":"first","9":"instock","10":"shipping-taxable","11":"product-type-simple"},"_links":{"self":[{"href":"https:\/\/yourmerch.se\/en\/wp-json\/wp\/v2\/product\/6825","targetHints":{"allow":["GET"]}}],"collection":[{"href":"https:\/\/yourmerch.se\/en\/wp-json\/wp\/v2\/product"}],"about":[{"href":"https:\/\/yourmerch.se\/en\/wp-json\/wp\/v2\/types\/product"}],"replies":[{"embeddable":true,"href":"https:\/\/yourmerch.se\/en\/wp-json\/wp\/v2\/comments?post=6825"}],"wp:featuredmedia":[{"embeddable":true,"href":"https:\/\/yourmerch.se\/en\/wp-json\/wp\/v2\/media\/6826"}],"wp:attachment":[{"href":"https:\/\/yourmerch.se\/en\/wp-json\/wp\/v2\/media?parent=6825"}],"wp:term":[{"taxonomy":"product_brand","embeddable":true,"href":"https:\/\/yourmerch.se\/en\/wp-json\/wp\/v2\/product_brand?post=6825"},{"taxonomy":"product_cat","embeddable":true,"href":"https:\/\/yourmerch.se\/en\/wp-json\/wp\/v2\/product_cat?post=6825"},{"taxonomy":"product_tag","embeddable":true,"href":"https:\/\/yourmerch.se\/en\/wp-json\/wp\/v2\/product_tag?post=6825"}],"curies":[{"name":"wp","href":"https:\/\/api.w.org\/{rel}","templated":true}]}}