{"id":6788,"date":"2025-08-07T04:19:48","date_gmt":"2025-08-07T04:19:48","guid":{"rendered":"https:\/\/yourmerch.se\/?post_type=product&#038;p=6788"},"modified":"2025-08-08T04:30:38","modified_gmt":"2025-08-08T04:30:38","slug":"nyckelring-med-metallspanne","status":"publish","type":"product","link":"https:\/\/yourmerch.se\/en\/product\/nyckelring-med-metallspanne\/","title":{"rendered":"NYCKELRING MED METALLSP\u00c4NNE"},"content":{"rendered":"<p>Nyckelband i tv\u00e5f\u00e4rgad nylon, aluminiumsp\u00e4nne med graverad logo.<br \/>\nV\u00e4lj f\u00e4rg p\u00e5 bandet. 1-2 f\u00e4rger.<\/p>\n<p>Storlek: 15 cm.<br \/>\nDiameter: 0,8 cm.<\/p>\n<p>Fr\u00e5n 250 st.<br \/>\nLeveranstid ca 4-5 veckor efter godk\u00e4nt korrektur.<\/p>","protected":false},"excerpt":{"rendered":"<style>\n.single_add_to_cart_button:not(#wcraq_add_to_quote),\n.quantity.buttons_added.simple-type{display:none !important;}\n<\/style>","protected":false},"featured_media":6790,"comment_status":"open","ping_status":"closed","template":"","meta":[],"product_brand":[],"product_cat":[119],"product_tag":[],"class_list":{"0":"post-6788","1":"product","2":"type-product","3":"status-publish","4":"has-post-thumbnail","6":"product_cat-nyckelringar","8":"first","9":"instock","10":"shipping-taxable","11":"product-type-simple"},"_links":{"self":[{"href":"https:\/\/yourmerch.se\/en\/wp-json\/wp\/v2\/product\/6788","targetHints":{"allow":["GET"]}}],"collection":[{"href":"https:\/\/yourmerch.se\/en\/wp-json\/wp\/v2\/product"}],"about":[{"href":"https:\/\/yourmerch.se\/en\/wp-json\/wp\/v2\/types\/product"}],"replies":[{"embeddable":true,"href":"https:\/\/yourmerch.se\/en\/wp-json\/wp\/v2\/comments?post=6788"}],"wp:featuredmedia":[{"embeddable":true,"href":"https:\/\/yourmerch.se\/en\/wp-json\/wp\/v2\/media\/6790"}],"wp:attachment":[{"href":"https:\/\/yourmerch.se\/en\/wp-json\/wp\/v2\/media?parent=6788"}],"wp:term":[{"taxonomy":"product_brand","embeddable":true,"href":"https:\/\/yourmerch.se\/en\/wp-json\/wp\/v2\/product_brand?post=6788"},{"taxonomy":"product_cat","embeddable":true,"href":"https:\/\/yourmerch.se\/en\/wp-json\/wp\/v2\/product_cat?post=6788"},{"taxonomy":"product_tag","embeddable":true,"href":"https:\/\/yourmerch.se\/en\/wp-json\/wp\/v2\/product_tag?post=6788"}],"curies":[{"name":"wp","href":"https:\/\/api.w.org\/{rel}","templated":true}]}}