{"id":6781,"date":"2025-08-07T04:17:24","date_gmt":"2025-08-07T04:17:24","guid":{"rendered":"https:\/\/yourmerch.se\/?post_type=product&#038;p=6781"},"modified":"2025-08-08T04:29:43","modified_gmt":"2025-08-08T04:29:43","slug":"nyckelring-exklusiv-med-ask","status":"publish","type":"product","link":"https:\/\/yourmerch.se\/en\/product\/nyckelring-exklusiv-med-ask\/","title":{"rendered":"NYCKELRING EXKLUSIV MED ASK"},"content":{"rendered":"<p>Utg\u00e5ngskvalitet\/material \u00e4r nyckelringen \u201dVolvo C70 klubben\u201d med er logo.<br \/>\nMetall: Silver, Guld<br \/>\nYta: Matt\/Blank<\/p>\n<p>Storlek metallm\u00e4rke: Inom m\u00e5tt 45&#215;45 mm (st\u00f6rre mot offert).<br \/>\nTjocklek: 3 mm.<br \/>\nPr\u00e4glad logo (neds\u00e4nkt) p\u00e5 b\u00e5da sidor.<br \/>\nRing 35 mm (platt design) samt runt kulf\u00e4ste.<\/p>\n<p>F\u00f6rpackas i svart box, 100 x 60 x 25 mm med magnetlock + 1 f folietryck (silver eller guld) p\u00e5 utsida alt. insida av lock, botten svart skum med utskuren form efter nyckelringen.<br \/>\nProv levereras via mail 2-3 veckor efter godk\u00e4nt korrektur, leveranstid efter godk\u00e4nt prov ca. 4-5 veckor.<\/p>","protected":false},"excerpt":{"rendered":"<style>\n.single_add_to_cart_button:not(#wcraq_add_to_quote),\n.quantity.buttons_added.simple-type{display:none !important;}\n<\/style>","protected":false},"featured_media":6784,"comment_status":"open","ping_status":"closed","template":"","meta":[],"product_brand":[],"product_cat":[119],"product_tag":[],"class_list":{"0":"post-6781","1":"product","2":"type-product","3":"status-publish","4":"has-post-thumbnail","6":"product_cat-nyckelringar","8":"first","9":"instock","10":"shipping-taxable","11":"product-type-simple"},"_links":{"self":[{"href":"https:\/\/yourmerch.se\/en\/wp-json\/wp\/v2\/product\/6781","targetHints":{"allow":["GET"]}}],"collection":[{"href":"https:\/\/yourmerch.se\/en\/wp-json\/wp\/v2\/product"}],"about":[{"href":"https:\/\/yourmerch.se\/en\/wp-json\/wp\/v2\/types\/product"}],"replies":[{"embeddable":true,"href":"https:\/\/yourmerch.se\/en\/wp-json\/wp\/v2\/comments?post=6781"}],"wp:featuredmedia":[{"embeddable":true,"href":"https:\/\/yourmerch.se\/en\/wp-json\/wp\/v2\/media\/6784"}],"wp:attachment":[{"href":"https:\/\/yourmerch.se\/en\/wp-json\/wp\/v2\/media?parent=6781"}],"wp:term":[{"taxonomy":"product_brand","embeddable":true,"href":"https:\/\/yourmerch.se\/en\/wp-json\/wp\/v2\/product_brand?post=6781"},{"taxonomy":"product_cat","embeddable":true,"href":"https:\/\/yourmerch.se\/en\/wp-json\/wp\/v2\/product_cat?post=6781"},{"taxonomy":"product_tag","embeddable":true,"href":"https:\/\/yourmerch.se\/en\/wp-json\/wp\/v2\/product_tag?post=6781"}],"curies":[{"name":"wp","href":"https:\/\/api.w.org\/{rel}","templated":true}]}}