{"id":6773,"date":"2025-08-07T04:07:09","date_gmt":"2025-08-07T04:07:09","guid":{"rendered":"https:\/\/yourmerch.se\/?post_type=product&#038;p=6773"},"modified":"2025-08-08T04:28:49","modified_gmt":"2025-08-08T04:28:49","slug":"nyckelhallare-med-ledlampa","status":"publish","type":"product","link":"https:\/\/yourmerch.se\/en\/product\/nyckelhallare-med-ledlampa\/","title":{"rendered":"NYCKELH\u00c5LLARE MED LEDLAMPA"},"content":{"rendered":"<p>Nyckel ficklampa som kan utformas efter egen design. Alltid en liten ficklampa till hands.<br \/>\nPassar standardnycklar.<\/p>\n<p>Produceras under etiska f\u00f6rh\u00e5llanden och v\u00e5r fabrik \u00e4r certifierad av SEDEX: https:\/\/www.sedex.com\/<\/p>\n<p>Pris inklusive kulkedja samt egen form inom m\u00e5tt 33 mm, 2 niv\u00e5er samt upp till 6 f\u00e4rger ing\u00e5r, design p\u00e5 en sida.<br \/>\nLevereras med batteri.<br \/>\nLeveranstid ca. 10 dagar f\u00f6r fotoprov, samt 4-5 veckor efter att godk\u00e4nt prov.<\/p>\n<p>Fr\u00e5n: 1000 st.<\/p>","protected":false},"excerpt":{"rendered":"<style>\n.single_add_to_cart_button:not(#wcraq_add_to_quote),\n.quantity.buttons_added.simple-type{display:none !important;}\n<\/style>","protected":false},"featured_media":6775,"comment_status":"open","ping_status":"closed","template":"","meta":[],"product_brand":[],"product_cat":[119],"product_tag":[],"class_list":{"0":"post-6773","1":"product","2":"type-product","3":"status-publish","4":"has-post-thumbnail","6":"product_cat-nyckelringar","8":"first","9":"instock","10":"shipping-taxable","11":"product-type-simple"},"_links":{"self":[{"href":"https:\/\/yourmerch.se\/en\/wp-json\/wp\/v2\/product\/6773","targetHints":{"allow":["GET"]}}],"collection":[{"href":"https:\/\/yourmerch.se\/en\/wp-json\/wp\/v2\/product"}],"about":[{"href":"https:\/\/yourmerch.se\/en\/wp-json\/wp\/v2\/types\/product"}],"replies":[{"embeddable":true,"href":"https:\/\/yourmerch.se\/en\/wp-json\/wp\/v2\/comments?post=6773"}],"wp:featuredmedia":[{"embeddable":true,"href":"https:\/\/yourmerch.se\/en\/wp-json\/wp\/v2\/media\/6775"}],"wp:attachment":[{"href":"https:\/\/yourmerch.se\/en\/wp-json\/wp\/v2\/media?parent=6773"}],"wp:term":[{"taxonomy":"product_brand","embeddable":true,"href":"https:\/\/yourmerch.se\/en\/wp-json\/wp\/v2\/product_brand?post=6773"},{"taxonomy":"product_cat","embeddable":true,"href":"https:\/\/yourmerch.se\/en\/wp-json\/wp\/v2\/product_cat?post=6773"},{"taxonomy":"product_tag","embeddable":true,"href":"https:\/\/yourmerch.se\/en\/wp-json\/wp\/v2\/product_tag?post=6773"}],"curies":[{"name":"wp","href":"https:\/\/api.w.org\/{rel}","templated":true}]}}