{"id":6770,"date":"2025-08-07T04:04:59","date_gmt":"2025-08-07T04:04:59","guid":{"rendered":"https:\/\/yourmerch.se\/?post_type=product&#038;p=6770"},"modified":"2025-08-08T04:28:24","modified_gmt":"2025-08-08T04:28:24","slug":"nyckelring-klubbtroja-3d","status":"publish","type":"product","link":"https:\/\/yourmerch.se\/en\/product\/nyckelring-klubbtroja-3d\/","title":{"rendered":"NYCKELRING KLUBBTR\u00d6JA 3D"},"content":{"rendered":"<p>Tre dimensionell gumminyckelring i form av en fotbollstr\u00f6ja (sporttr\u00f6ja).<br \/>\nPVC, kromad nyckelring, f\u00f6rpackas 1 st\/opp bag.<\/p>\n<p>Upp till fyra f\u00e4rger ing\u00e5r. F\u00e4rgerna anpassas efter \u00f6nskad Pantone f\u00e4rg.<br \/>\nStorlek: 6 cm<\/p>\n<p>\u00d6nskas rem eller extra m\u00e4rke beg\u00e4r en offert.<\/p>\n<p>Fr\u00e5n 500 st.<br \/>\nLeveranstid ca 4-5 veckor efter godk\u00e4nt korrektur.<\/p>","protected":false},"excerpt":{"rendered":"<style>\n.single_add_to_cart_button:not(#wcraq_add_to_quote),\n.quantity.buttons_added.simple-type{display:none !important;}\n<\/style>","protected":false},"featured_media":6772,"comment_status":"open","ping_status":"closed","template":"","meta":[],"product_brand":[],"product_cat":[119],"product_tag":[],"class_list":{"0":"post-6770","1":"product","2":"type-product","3":"status-publish","4":"has-post-thumbnail","6":"product_cat-nyckelringar","8":"first","9":"instock","10":"shipping-taxable","11":"product-type-simple"},"_links":{"self":[{"href":"https:\/\/yourmerch.se\/en\/wp-json\/wp\/v2\/product\/6770","targetHints":{"allow":["GET"]}}],"collection":[{"href":"https:\/\/yourmerch.se\/en\/wp-json\/wp\/v2\/product"}],"about":[{"href":"https:\/\/yourmerch.se\/en\/wp-json\/wp\/v2\/types\/product"}],"replies":[{"embeddable":true,"href":"https:\/\/yourmerch.se\/en\/wp-json\/wp\/v2\/comments?post=6770"}],"wp:featuredmedia":[{"embeddable":true,"href":"https:\/\/yourmerch.se\/en\/wp-json\/wp\/v2\/media\/6772"}],"wp:attachment":[{"href":"https:\/\/yourmerch.se\/en\/wp-json\/wp\/v2\/media?parent=6770"}],"wp:term":[{"taxonomy":"product_brand","embeddable":true,"href":"https:\/\/yourmerch.se\/en\/wp-json\/wp\/v2\/product_brand?post=6770"},{"taxonomy":"product_cat","embeddable":true,"href":"https:\/\/yourmerch.se\/en\/wp-json\/wp\/v2\/product_cat?post=6770"},{"taxonomy":"product_tag","embeddable":true,"href":"https:\/\/yourmerch.se\/en\/wp-json\/wp\/v2\/product_tag?post=6770"}],"curies":[{"name":"wp","href":"https:\/\/api.w.org\/{rel}","templated":true}]}}