{"id":6724,"date":"2025-08-06T04:05:14","date_gmt":"2025-08-06T04:05:14","guid":{"rendered":"https:\/\/yourmerch.se\/?post_type=product&#038;p=6724"},"modified":"2025-08-13T16:58:38","modified_gmt":"2025-08-13T16:58:38","slug":"pins-i-tra","status":"publish","type":"product","link":"https:\/\/yourmerch.se\/en\/product\/pins-i-tra\/","title":{"rendered":"PINS I TR\u00c4"},"content":{"rendered":"<p>Tr\u00e4pins i egen form standardstorlek upp till 28 cm (m\u00e4tt diagonalt), st\u00f6rre mot offert.<\/p>\n<p>Observera att tryck sker p\u00e5 tr\u00e4, d\u00e4rf\u00f6r kommer, f\u00e4rg och textur att variera fr\u00e5n pin till pin, f\u00e4rgen kommer inte heller att kunna \u00e5terges p\u00e5 samma s\u00e4tt som tryck p\u00e5 annat material. \u00c4r ni os\u00e4kra kan ni best\u00e4lla ett fotoprov i samband med best\u00e4llningen.<\/p>\n<p>&nbsp;<\/p>\n<p>Material: FSC tr\u00e4 (basswood tillh\u00f6r lindsl\u00e4ktet)<br \/>\nM\u00e4rkning: Fullf\u00e4rgs tryck eller lasergravyr<br \/>\nF\u00e4ste: Pinsn\u00e5l, magnet mot till\u00e4gg.<\/p>\n<p>Fr\u00e5n 100 st.<\/p>\n<p>Leveranstid ca 3-4 veckor efter godk\u00e4nt korrektur.<\/p>","protected":false},"excerpt":{"rendered":"<style>\n.single_add_to_cart_button:not(#wcraq_add_to_quote),\n.quantity.buttons_added.simple-type{display:none !important;}\n<\/style>","protected":false},"featured_media":6726,"comment_status":"closed","ping_status":"closed","template":"","meta":[],"product_brand":[],"product_cat":[75],"product_tag":[],"class_list":{"0":"post-6724","1":"product","2":"type-product","3":"status-publish","4":"has-post-thumbnail","6":"product_cat-pins","8":"first","9":"instock","10":"shipping-taxable","11":"purchasable","12":"product-type-simple"},"_links":{"self":[{"href":"https:\/\/yourmerch.se\/en\/wp-json\/wp\/v2\/product\/6724","targetHints":{"allow":["GET"]}}],"collection":[{"href":"https:\/\/yourmerch.se\/en\/wp-json\/wp\/v2\/product"}],"about":[{"href":"https:\/\/yourmerch.se\/en\/wp-json\/wp\/v2\/types\/product"}],"replies":[{"embeddable":true,"href":"https:\/\/yourmerch.se\/en\/wp-json\/wp\/v2\/comments?post=6724"}],"wp:featuredmedia":[{"embeddable":true,"href":"https:\/\/yourmerch.se\/en\/wp-json\/wp\/v2\/media\/6726"}],"wp:attachment":[{"href":"https:\/\/yourmerch.se\/en\/wp-json\/wp\/v2\/media?parent=6724"}],"wp:term":[{"taxonomy":"product_brand","embeddable":true,"href":"https:\/\/yourmerch.se\/en\/wp-json\/wp\/v2\/product_brand?post=6724"},{"taxonomy":"product_cat","embeddable":true,"href":"https:\/\/yourmerch.se\/en\/wp-json\/wp\/v2\/product_cat?post=6724"},{"taxonomy":"product_tag","embeddable":true,"href":"https:\/\/yourmerch.se\/en\/wp-json\/wp\/v2\/product_tag?post=6724"}],"curies":[{"name":"wp","href":"https:\/\/api.w.org\/{rel}","templated":true}]}}