{"id":6707,"date":"2025-07-18T07:06:21","date_gmt":"2025-07-18T07:06:21","guid":{"rendered":"https:\/\/yourmerch.se\/?post_type=product&#038;p=6707"},"modified":"2025-07-18T07:15:47","modified_gmt":"2025-07-18T07:15:47","slug":"pins-fardiga-former","status":"publish","type":"product","link":"https:\/\/yourmerch.se\/en\/product\/pins-fardiga-former\/","title":{"rendered":"PINS F\u00c4RDIGA FORMER"},"content":{"rendered":"<p><span style=\"font-weight: 400;\">Exklusiv metod i f\u00e4rdiga former. Tryck g\u00f6ra ovanp\u00e5 p\u00e5 den vita emaljen vilket ger denna metod ett mycket exklusivt intryck.<\/span><\/p>\n<p>&nbsp;<\/p>\n<p><span style=\"font-weight: 400;\">Fr\u00e5n 300 st.\u00a0<\/span><\/p>\n<p><span style=\"font-weight: 400;\">F\u00e4rg: Vit emalj + fyrf\u00e4rgstryck.<\/span><\/p>\n<p><span style=\"font-weight: 400;\">Tre former, tv\u00e5 storlekar<\/span><\/p>\n<p><span style=\"font-weight: 400;\">Metall: Antik guld, Antik brons, Koppar, Blank Guld, Blank Silver.\u00a0<\/span><\/p>\n<p><span style=\"font-weight: 400;\">Tryck: 4 f\u00e4rgstryck<\/span><\/p>\n<p><span style=\"font-weight: 400;\">Baksida: Fj\u00e4rilsl\u00e5s med n\u00e5l<\/span><\/p>\n<p><span style=\"font-weight: 400;\">Leveranstid: Ca 4 veckor efter godk\u00e4nt korrektur.<\/span><\/p>","protected":false},"excerpt":{"rendered":"<p>Exklusiv metod i f\u00e4rdiga former. Tryck g\u00f6ra ovanp\u00e5 p\u00e5 den vita emaljen vilket ger denna metod ett mycket exklusivt intryck. &nbsp; Fr\u00e5n 300 st.\u00a0 F\u00e4rg: Vit emalj + fyrf\u00e4rgstryck. Tre former, tv\u00e5 storlekar Metall: Antik guld, Antik brons, Koppar, Blank Guld, Blank Silver.\u00a0 Tryck: 4 f\u00e4rgstryck Baksida: Fj\u00e4rilsl\u00e5s med n\u00e5l Leveranstid: Ca 4 veckor efter [&hellip;]<\/p>","protected":false},"featured_media":6722,"comment_status":"open","ping_status":"closed","template":"","meta":[],"product_brand":[],"product_cat":[75],"product_tag":[],"class_list":{"0":"post-6707","1":"product","2":"type-product","3":"status-publish","4":"has-post-thumbnail","6":"product_cat-pins","8":"first","9":"instock","10":"virtual","11":"purchasable","12":"product-type-simple"},"_links":{"self":[{"href":"https:\/\/yourmerch.se\/en\/wp-json\/wp\/v2\/product\/6707","targetHints":{"allow":["GET"]}}],"collection":[{"href":"https:\/\/yourmerch.se\/en\/wp-json\/wp\/v2\/product"}],"about":[{"href":"https:\/\/yourmerch.se\/en\/wp-json\/wp\/v2\/types\/product"}],"replies":[{"embeddable":true,"href":"https:\/\/yourmerch.se\/en\/wp-json\/wp\/v2\/comments?post=6707"}],"wp:featuredmedia":[{"embeddable":true,"href":"https:\/\/yourmerch.se\/en\/wp-json\/wp\/v2\/media\/6722"}],"wp:attachment":[{"href":"https:\/\/yourmerch.se\/en\/wp-json\/wp\/v2\/media?parent=6707"}],"wp:term":[{"taxonomy":"product_brand","embeddable":true,"href":"https:\/\/yourmerch.se\/en\/wp-json\/wp\/v2\/product_brand?post=6707"},{"taxonomy":"product_cat","embeddable":true,"href":"https:\/\/yourmerch.se\/en\/wp-json\/wp\/v2\/product_cat?post=6707"},{"taxonomy":"product_tag","embeddable":true,"href":"https:\/\/yourmerch.se\/en\/wp-json\/wp\/v2\/product_tag?post=6707"}],"curies":[{"name":"wp","href":"https:\/\/api.w.org\/{rel}","templated":true}]}}