{"id":6698,"date":"2025-07-18T06:58:16","date_gmt":"2025-07-18T06:58:16","guid":{"rendered":"https:\/\/yourmerch.se\/?post_type=product&#038;p=6698"},"modified":"2025-07-18T07:05:35","modified_gmt":"2025-07-18T07:05:35","slug":"pins-3d","status":"publish","type":"product","link":"https:\/\/yourmerch.se\/en\/product\/pins-3d\/","title":{"rendered":"PINS 3D"},"content":{"rendered":"<p><span style=\"font-weight: 400;\">Dessa pins gjuts vanligtvis. Generellt \u00e4r dessa m\u00e4rken mer utformade eller mer 3 dimensionella (3D) \u00e4n traditionella Pins. F\u00f6rdelen \u00e4r att m\u00e5nga sm\u00e5 detaljer blir tydliga och det g\u00e5r att f\u00e5 fram en b\u00e4ttre k\u00e4nsla i och med att m\u00e4rket \u00e4r 3 Dimensionellt.<\/span><span style=\"font-weight: 400;\"><br \/>\n<\/span> <span style=\"font-weight: 400;\">Vid 3D produktion skall originalet helst inneh\u00e5lla skisser flera vinklar f\u00f6r b\u00e4sta resultat alternativt en bra skiss med tydlig information om de olika niv\u00e5erna p\u00e5 metallen. Detta f\u00f6r att kunna f\u00e5 fram en korrekt prisbild. Samtliga 3D m\u00e4rken \u00e4r p\u00e5 offertf\u00f6rfr\u00e5gan.<\/span><\/p>\n<p><span style=\"font-weight: 400;\"><br \/>\n<\/span> <span style=\"font-weight: 400;\">Fr\u00e5n: 250 st.<\/span><\/p>\n<p><span style=\"font-weight: 400;\">F\u00e4rger: Inga.<\/span><span style=\"font-weight: 400;\"><br \/>\n<\/span> <span style=\"font-weight: 400;\">Metallf\u00e4rg: Guld, Silver, Antik Guld, Antik Silver.<\/span><span style=\"font-weight: 400;\"><br \/>\n<\/span> <span style=\"font-weight: 400;\">Glaslack: Nej.<\/span><span style=\"font-weight: 400;\"><br \/>\n<\/span> <span style=\"font-weight: 400;\">Baksida, standard: Kort n\u00e5l samt fj\u00e4rilsl\u00e5s (f\u00f6r andra alternativ se mer under Tillbeh\u00f6r).<\/span><\/p>\n<p><span style=\"font-weight: 400;\">Leveranstid ca 4-5 veckor efter godk\u00e4nt korrektur.<\/span><\/p>","protected":false},"excerpt":{"rendered":"<p>Dessa pins gjuts vanligtvis. Generellt \u00e4r dessa m\u00e4rken mer utformade eller mer 3 dimensionella (3D) \u00e4n traditionella Pins. F\u00f6rdelen \u00e4r att m\u00e5nga sm\u00e5 detaljer blir tydliga och det g\u00e5r att f\u00e5 fram en b\u00e4ttre k\u00e4nsla i och med att m\u00e4rket \u00e4r 3 Dimensionellt. Vid 3D produktion skall originalet helst inneh\u00e5lla skisser flera vinklar f\u00f6r b\u00e4sta [&hellip;]<\/p>","protected":false},"featured_media":6705,"comment_status":"open","ping_status":"closed","template":"","meta":[],"product_brand":[],"product_cat":[75],"product_tag":[],"class_list":{"0":"post-6698","1":"product","2":"type-product","3":"status-publish","4":"has-post-thumbnail","6":"product_cat-pins","8":"first","9":"instock","10":"virtual","11":"purchasable","12":"product-type-simple"},"_links":{"self":[{"href":"https:\/\/yourmerch.se\/en\/wp-json\/wp\/v2\/product\/6698","targetHints":{"allow":["GET"]}}],"collection":[{"href":"https:\/\/yourmerch.se\/en\/wp-json\/wp\/v2\/product"}],"about":[{"href":"https:\/\/yourmerch.se\/en\/wp-json\/wp\/v2\/types\/product"}],"replies":[{"embeddable":true,"href":"https:\/\/yourmerch.se\/en\/wp-json\/wp\/v2\/comments?post=6698"}],"wp:featuredmedia":[{"embeddable":true,"href":"https:\/\/yourmerch.se\/en\/wp-json\/wp\/v2\/media\/6705"}],"wp:attachment":[{"href":"https:\/\/yourmerch.se\/en\/wp-json\/wp\/v2\/media?parent=6698"}],"wp:term":[{"taxonomy":"product_brand","embeddable":true,"href":"https:\/\/yourmerch.se\/en\/wp-json\/wp\/v2\/product_brand?post=6698"},{"taxonomy":"product_cat","embeddable":true,"href":"https:\/\/yourmerch.se\/en\/wp-json\/wp\/v2\/product_cat?post=6698"},{"taxonomy":"product_tag","embeddable":true,"href":"https:\/\/yourmerch.se\/en\/wp-json\/wp\/v2\/product_tag?post=6698"}],"curies":[{"name":"wp","href":"https:\/\/api.w.org\/{rel}","templated":true}]}}