{"id":6690,"date":"2025-07-18T06:40:23","date_gmt":"2025-07-18T06:40:23","guid":{"rendered":"https:\/\/yourmerch.se\/?post_type=product&#038;p=6690"},"modified":"2025-07-18T06:49:16","modified_gmt":"2025-07-18T06:49:16","slug":"pins-fyrfargstryck","status":"publish","type":"product","link":"https:\/\/yourmerch.se\/en\/product\/pins-fyrfargstryck\/","title":{"rendered":"PINS FYRF\u00c4RGSTRYCK"},"content":{"rendered":"<p><span style=\"font-weight: 400;\">Offset tryckta m\u00e4rken, vi trycker i CMYK. Den metall vi anv\u00e4nder \u00e4r st\u00e5l (silver), m\u00e4ssing (guld) alternativt aluminium som \u00e4r det l\u00e4ttaste materialet (silver\/vit matt). Tillverkningsmetoden l\u00e4mpar sig v\u00e4l till st\u00f6rre kvantiteter och trycktekniken till\u00e5ter detaljerade original gradienter, foton etc. Trycket g\u00e5r att g\u00f6ra utfallande s\u00e5 synlig metallkant \u00e4r valfritt.<\/span><\/p>\n<p>&nbsp;<\/p>\n<p><span style=\"font-weight: 400;\">Fr\u00e5n 250 st.<\/span><\/p>\n<p><span style=\"font-weight: 400;\">F\u00e4rger: <\/span><span style=\"font-weight: 400;\">CMYK tryck (fyrf\u00e4rgstryck)<\/span><span style=\"font-weight: 400;\">.<\/span><span style=\"font-weight: 400;\"><br \/>\n<\/span> <span style=\"font-weight: 400;\">Metallf\u00e4rg: Guld, silver, Aluminium.<\/span><span style=\"font-weight: 400;\"><br \/>\n<\/span> <span style=\"font-weight: 400;\">Glaslack: Ja.<\/span><span style=\"font-weight: 400;\"><br \/>\n<\/span> <span style=\"font-weight: 400;\">Baksida, standard: Kort n\u00e5l samt fj\u00e4rilsl\u00e5s (f\u00f6r andra alternativ se mer under Tillbeh\u00f6r).<\/span><\/p>\n<p><span style=\"font-weight: 400;\">Leveranstid ca 4-5 veckor efter godk\u00e4nt korrektur.<\/span><\/p>\n<p><span style=\"font-weight: 400;\">\u00a0<\/span><span style=\"font-weight: 400;\">\u00a0<\/span><\/p>\n<p><i><span style=\"font-weight: 400;\">Observera att kritvit f\u00e4rg inte g\u00e5r att erh\u00e5lla pga att metallen sl\u00e5r igenom f\u00e4rgen i kombination med att glaslacken reflekterar f\u00e4rg. Det g\u00e4ller alla f\u00e4rger men speciellt f\u00e4rger som r\u00f6d\/vit, bl\u00e5\/vit, gul\/vit (samt i vissa fall andra f\u00e4rger). Den vita f\u00e4rgen kan upplevas fadd (svag) efter det att glaslacken har adderats och i vissa fall kan det upplevas att den n\u00e4rliggande f\u00e4rgen har f\u00e4rgat av sig p\u00e5 det vita. Detta g\u00e5r ej att undvika med dessa tryckmetoder. Glaslacken (epoxy) \u00e4r ett m\u00e5ste p\u00e5 tryckta Pins f\u00f6r att skydda trycket. Ett alternativ \u00e4r addera en tunn spraylack, den skyddar men utan lacken s\u00e5 blir m\u00e4rket platt.<\/span><\/i><\/p>","protected":false},"excerpt":{"rendered":"<p>Offset tryckta m\u00e4rken, vi trycker i CMYK. Den metall vi anv\u00e4nder \u00e4r st\u00e5l (silver), m\u00e4ssing (guld) alternativt aluminium som \u00e4r det l\u00e4ttaste materialet (silver\/vit matt). Tillverkningsmetoden l\u00e4mpar sig v\u00e4l till st\u00f6rre kvantiteter och trycktekniken till\u00e5ter detaljerade original gradienter, foton etc. Trycket g\u00e5r att g\u00f6ra utfallande s\u00e5 synlig metallkant \u00e4r valfritt. &nbsp; Fr\u00e5n 250 st. F\u00e4rger: [&hellip;]<\/p>","protected":false},"featured_media":6691,"comment_status":"open","ping_status":"closed","template":"","meta":[],"product_brand":[],"product_cat":[75],"product_tag":[],"class_list":{"0":"post-6690","1":"product","2":"type-product","3":"status-publish","4":"has-post-thumbnail","6":"product_cat-pins","8":"first","9":"instock","10":"virtual","11":"purchasable","12":"product-type-simple"},"_links":{"self":[{"href":"https:\/\/yourmerch.se\/en\/wp-json\/wp\/v2\/product\/6690","targetHints":{"allow":["GET"]}}],"collection":[{"href":"https:\/\/yourmerch.se\/en\/wp-json\/wp\/v2\/product"}],"about":[{"href":"https:\/\/yourmerch.se\/en\/wp-json\/wp\/v2\/types\/product"}],"replies":[{"embeddable":true,"href":"https:\/\/yourmerch.se\/en\/wp-json\/wp\/v2\/comments?post=6690"}],"wp:featuredmedia":[{"embeddable":true,"href":"https:\/\/yourmerch.se\/en\/wp-json\/wp\/v2\/media\/6691"}],"wp:attachment":[{"href":"https:\/\/yourmerch.se\/en\/wp-json\/wp\/v2\/media?parent=6690"}],"wp:term":[{"taxonomy":"product_brand","embeddable":true,"href":"https:\/\/yourmerch.se\/en\/wp-json\/wp\/v2\/product_brand?post=6690"},{"taxonomy":"product_cat","embeddable":true,"href":"https:\/\/yourmerch.se\/en\/wp-json\/wp\/v2\/product_cat?post=6690"},{"taxonomy":"product_tag","embeddable":true,"href":"https:\/\/yourmerch.se\/en\/wp-json\/wp\/v2\/product_tag?post=6690"}],"curies":[{"name":"wp","href":"https:\/\/api.w.org\/{rel}","templated":true}]}}