{"id":6684,"date":"2025-07-18T06:34:19","date_gmt":"2025-07-18T06:34:19","guid":{"rendered":"https:\/\/yourmerch.se\/?post_type=product&#038;p=6684"},"modified":"2025-07-18T06:39:58","modified_gmt":"2025-07-18T06:39:58","slug":"pins-antik","status":"publish","type":"product","link":"https:\/\/yourmerch.se\/en\/product\/pins-antik\/","title":{"rendered":"PINS ANTIK"},"content":{"rendered":"<p><span style=\"font-weight: 400;\">Sobert m\u00e4rke med antikfinish p\u00e5 metallen. L\u00e4mpar sig v\u00e4l att stansa efter en detaljerad design. Observera att vid antikpl\u00e4tering skiftar finishen p\u00e5 metallen, detta d\u00e5 tillverkningsprocessen inte g\u00e5r att styra i detalj. Det betyder att sj\u00e4lva antikfinishen kan vara ljusare, m\u00f6rkare eller ha en liten annan ton kontra ett annat m\u00e4rke i samma produktion.<\/span><\/p>\n<p><span style=\"font-weight: 400;\">\u00a0<\/span><\/p>\n<p><span style=\"font-weight: 400;\">\u00a0<\/span><\/p>\n<p><span style=\"font-weight: 400;\">Fr\u00e5n 100 st.<\/span><\/p>\n<p><span style=\"font-weight: 400;\">\u00a0<\/span><\/p>\n<p><span style=\"font-weight: 400;\">F\u00e4rger: Normalt inga, men det g\u00e5r att kombinera (till\u00e4gg).<\/span><\/p>\n<p><span style=\"font-weight: 400;\">Metallf\u00e4rg: Antik guld, Antik silver, Antik brons, Antik m\u00e4ssing.<\/span><\/p>\n<p><span style=\"font-weight: 400;\">Glaslack: Nej.<\/span><\/p>\n<p><span style=\"font-weight: 400;\">Baksida, standard: Kort n\u00e5l samt fj\u00e4rilsl\u00e5s (f\u00f6r andra alternativ se mer under Tillbeh\u00f6r).<\/span><\/p>\n<p><span style=\"font-weight: 400;\">\u00a0<\/span><\/p>\n<p><span style=\"font-weight: 400;\">Leveranstid ca 4-5 veckor efter godk\u00e4nt korrektur.<\/span><\/p>","protected":false},"excerpt":{"rendered":"<p>Sobert m\u00e4rke med antikfinish p\u00e5 metallen. L\u00e4mpar sig v\u00e4l att stansa efter en detaljerad design. Observera att vid antikpl\u00e4tering skiftar finishen p\u00e5 metallen, detta d\u00e5 tillverkningsprocessen inte g\u00e5r att styra i detalj. Det betyder att sj\u00e4lva antikfinishen kan vara ljusare, m\u00f6rkare eller ha en liten annan ton kontra ett annat m\u00e4rke i samma produktion. \u00a0 [&hellip;]<\/p>","protected":false},"featured_media":6689,"comment_status":"open","ping_status":"closed","template":"","meta":[],"product_brand":[],"product_cat":[75],"product_tag":[],"class_list":{"0":"post-6684","1":"product","2":"type-product","3":"status-publish","4":"has-post-thumbnail","6":"product_cat-pins","8":"first","9":"instock","10":"virtual","11":"purchasable","12":"product-type-simple"},"_links":{"self":[{"href":"https:\/\/yourmerch.se\/en\/wp-json\/wp\/v2\/product\/6684","targetHints":{"allow":["GET"]}}],"collection":[{"href":"https:\/\/yourmerch.se\/en\/wp-json\/wp\/v2\/product"}],"about":[{"href":"https:\/\/yourmerch.se\/en\/wp-json\/wp\/v2\/types\/product"}],"replies":[{"embeddable":true,"href":"https:\/\/yourmerch.se\/en\/wp-json\/wp\/v2\/comments?post=6684"}],"wp:featuredmedia":[{"embeddable":true,"href":"https:\/\/yourmerch.se\/en\/wp-json\/wp\/v2\/media\/6689"}],"wp:attachment":[{"href":"https:\/\/yourmerch.se\/en\/wp-json\/wp\/v2\/media?parent=6684"}],"wp:term":[{"taxonomy":"product_brand","embeddable":true,"href":"https:\/\/yourmerch.se\/en\/wp-json\/wp\/v2\/product_brand?post=6684"},{"taxonomy":"product_cat","embeddable":true,"href":"https:\/\/yourmerch.se\/en\/wp-json\/wp\/v2\/product_cat?post=6684"},{"taxonomy":"product_tag","embeddable":true,"href":"https:\/\/yourmerch.se\/en\/wp-json\/wp\/v2\/product_tag?post=6684"}],"curies":[{"name":"wp","href":"https:\/\/api.w.org\/{rel}","templated":true}]}}