{"id":6669,"date":"2025-07-18T06:15:15","date_gmt":"2025-07-18T06:15:15","guid":{"rendered":"https:\/\/yourmerch.se\/?post_type=product&#038;p=6669"},"modified":"2025-07-18T06:24:25","modified_gmt":"2025-07-18T06:24:25","slug":"pins-exklusiv-med-tryck","status":"publish","type":"product","link":"https:\/\/yourmerch.se\/en\/product\/pins-exklusiv-med-tryck\/","title":{"rendered":"PINS EXKLUSIV MED TRYCK"},"content":{"rendered":"<p><span style=\"font-weight: 400;\">V\u00e5r mest exklusiva metod med lite mer tyngd i. Elegant handemaljerat m\u00e4rke med sl\u00e4t yta. P\u00e5 den platta ytan trycker vi, det kan vara en Pms f\u00e4rg, gradient eller ett foto. L\u00e4mpar sig v\u00e4l att stansa efter en detaljerad design. Den yttre kanten \u00e4r n\u00e5got bredare \u00e4n p\u00e5 andra emaljerade metoder. Emaljen bakas i en ugn flera g\u00e5nger f\u00f6r att uppn\u00e5 en stenh\u00e5rd yta. D\u00e4refter poleras emaljen s\u00e5 att den ligger dikt med metallen. En tunn metalltr\u00e5d beh\u00f6vs mellan varje f\u00e4rg f\u00f6r att skilja p\u00e5 emaljf\u00e4rgen fr\u00e5n att flyta in i varandra.\u00a0\u00a0<\/span><\/p>\n<p><span style=\"font-weight: 400;\">\u00a0<\/span><\/p>\n<p><span style=\"font-weight: 400;\">Fr\u00e5n 100 st<\/span><span style=\"font-weight: 400;\"><br \/>\n<\/span> <span style=\"font-weight: 400;\">Emaljf\u00e4rg: 1 st + tryck (1 eller fyrf\u00e4rgtryck).<\/span><span style=\"font-weight: 400;\"><br \/>\n<\/span> <span style=\"font-weight: 400;\">Metallf\u00e4rg: Guld, silver, svart (gunmetal), svart\/svart (till\u00e4gg).<\/span><span style=\"font-weight: 400;\"><br \/>\n<\/span> <span style=\"font-weight: 400;\">Glaslack: Nej.<\/span><span style=\"font-weight: 400;\"><br \/>\n<\/span> <span style=\"font-weight: 400;\">Baksida, standard: Kort n\u00e5l samt fj\u00e4rilsl\u00e5s.<\/span><span style=\"font-weight: 400;\"><br \/>\n<\/span> <span style=\"font-weight: 400;\">Leveranstid ca 4-5 veckor efter godk\u00e4nt korrektur.<\/span><\/p>","protected":false},"excerpt":{"rendered":"<p>V\u00e5r mest exklusiva metod med lite mer tyngd i. Elegant handemaljerat m\u00e4rke med sl\u00e4t yta. P\u00e5 den platta ytan trycker vi, det kan vara en Pms f\u00e4rg, gradient eller ett foto. L\u00e4mpar sig v\u00e4l att stansa efter en detaljerad design. Den yttre kanten \u00e4r n\u00e5got bredare \u00e4n p\u00e5 andra emaljerade metoder. Emaljen bakas i en [&hellip;]<\/p>","protected":false},"featured_media":6674,"comment_status":"open","ping_status":"closed","template":"","meta":[],"product_brand":[],"product_cat":[75],"product_tag":[],"class_list":{"0":"post-6669","1":"product","2":"type-product","3":"status-publish","4":"has-post-thumbnail","6":"product_cat-pins","8":"first","9":"instock","10":"virtual","11":"purchasable","12":"product-type-simple"},"_links":{"self":[{"href":"https:\/\/yourmerch.se\/en\/wp-json\/wp\/v2\/product\/6669","targetHints":{"allow":["GET"]}}],"collection":[{"href":"https:\/\/yourmerch.se\/en\/wp-json\/wp\/v2\/product"}],"about":[{"href":"https:\/\/yourmerch.se\/en\/wp-json\/wp\/v2\/types\/product"}],"replies":[{"embeddable":true,"href":"https:\/\/yourmerch.se\/en\/wp-json\/wp\/v2\/comments?post=6669"}],"wp:featuredmedia":[{"embeddable":true,"href":"https:\/\/yourmerch.se\/en\/wp-json\/wp\/v2\/media\/6674"}],"wp:attachment":[{"href":"https:\/\/yourmerch.se\/en\/wp-json\/wp\/v2\/media?parent=6669"}],"wp:term":[{"taxonomy":"product_brand","embeddable":true,"href":"https:\/\/yourmerch.se\/en\/wp-json\/wp\/v2\/product_brand?post=6669"},{"taxonomy":"product_cat","embeddable":true,"href":"https:\/\/yourmerch.se\/en\/wp-json\/wp\/v2\/product_cat?post=6669"},{"taxonomy":"product_tag","embeddable":true,"href":"https:\/\/yourmerch.se\/en\/wp-json\/wp\/v2\/product_tag?post=6669"}],"curies":[{"name":"wp","href":"https:\/\/api.w.org\/{rel}","templated":true}]}}