{"id":6664,"date":"2025-07-18T06:08:09","date_gmt":"2025-07-18T06:08:09","guid":{"rendered":"https:\/\/yourmerch.se\/?post_type=product&#038;p=6664"},"modified":"2025-07-18T06:09:35","modified_gmt":"2025-07-18T06:09:35","slug":"nalmarken","status":"publish","type":"product","link":"https:\/\/yourmerch.se\/en\/product\/nalmarken\/","title":{"rendered":"N\u00c5LM\u00c4RKEN"},"content":{"rendered":"<p><span style=\"font-weight: 400;\">N\u00e5lm\u00e4rke, kavajn\u00e5l, rockm\u00e4rke. Vi anv\u00e4nder samma metoder som n\u00e4r vi tillverkar PINS. Skillnaden \u00e4r att vi adderar en l\u00e5ng n\u00e5l. Med eller utan skyddstopp. L\u00e5ng n\u00e5l \u00e4r samma pris som vanlig n\u00e5l &amp; l\u00e5s, och skyddstoppen tillkommer p\u00e5 priset (offert.)<\/span><\/p>","protected":false},"excerpt":{"rendered":"<p>N\u00e5lm\u00e4rke, kavajn\u00e5l, rockm\u00e4rke. Vi anv\u00e4nder samma metoder som n\u00e4r vi tillverkar PINS. Skillnaden \u00e4r att vi adderar en l\u00e5ng n\u00e5l. Med eller utan skyddstopp. L\u00e5ng n\u00e5l \u00e4r samma pris som vanlig n\u00e5l &amp; l\u00e5s, och skyddstoppen tillkommer p\u00e5 priset (offert.)<\/p>","protected":false},"featured_media":6666,"comment_status":"open","ping_status":"closed","template":"","meta":[],"product_brand":[],"product_cat":[75],"product_tag":[],"class_list":{"0":"post-6664","1":"product","2":"type-product","3":"status-publish","4":"has-post-thumbnail","6":"product_cat-pins","8":"first","9":"instock","10":"virtual","11":"purchasable","12":"product-type-simple"},"_links":{"self":[{"href":"https:\/\/yourmerch.se\/en\/wp-json\/wp\/v2\/product\/6664","targetHints":{"allow":["GET"]}}],"collection":[{"href":"https:\/\/yourmerch.se\/en\/wp-json\/wp\/v2\/product"}],"about":[{"href":"https:\/\/yourmerch.se\/en\/wp-json\/wp\/v2\/types\/product"}],"replies":[{"embeddable":true,"href":"https:\/\/yourmerch.se\/en\/wp-json\/wp\/v2\/comments?post=6664"}],"wp:featuredmedia":[{"embeddable":true,"href":"https:\/\/yourmerch.se\/en\/wp-json\/wp\/v2\/media\/6666"}],"wp:attachment":[{"href":"https:\/\/yourmerch.se\/en\/wp-json\/wp\/v2\/media?parent=6664"}],"wp:term":[{"taxonomy":"product_brand","embeddable":true,"href":"https:\/\/yourmerch.se\/en\/wp-json\/wp\/v2\/product_brand?post=6664"},{"taxonomy":"product_cat","embeddable":true,"href":"https:\/\/yourmerch.se\/en\/wp-json\/wp\/v2\/product_cat?post=6664"},{"taxonomy":"product_tag","embeddable":true,"href":"https:\/\/yourmerch.se\/en\/wp-json\/wp\/v2\/product_tag?post=6664"}],"curies":[{"name":"wp","href":"https:\/\/api.w.org\/{rel}","templated":true}]}}