{"id":6641,"date":"2025-07-16T16:46:24","date_gmt":"2025-07-16T16:46:24","guid":{"rendered":"https:\/\/yourmerch.se\/?post_type=product&#038;p=6641"},"modified":"2025-07-18T06:07:43","modified_gmt":"2025-07-18T06:07:43","slug":"pins-utan-infargning","status":"publish","type":"product","link":"https:\/\/yourmerch.se\/en\/product\/pins-utan-infargning\/","title":{"rendered":"PINS UTAN INF\u00c4RGNING"},"content":{"rendered":"<p><span style=\"font-weight: 400;\">Sobert m\u00e4rke utan emaljf\u00e4rg. L\u00e4mpar sig v\u00e4l att stansa efter en detaljerad design. Upph\u00f6jd metall poleras blank och neds\u00e4nkt metall mattbehandlas (textur) f\u00f6r att skapa en kontrast mellan de b\u00e5da niv\u00e5erna.<\/span><\/p>\n<p><span style=\"font-weight: 400;\"><br \/>\n<\/span> <span style=\"font-weight: 400;\">Fr\u00e5n 100 st.<\/span><\/p>\n<p><span style=\"font-weight: 400;\">F\u00e4rger: Normalt inga, men det g\u00e5r att kombinera.<\/span><span style=\"font-weight: 400;\"><br \/>\n<\/span> <span style=\"font-weight: 400;\">Metallf\u00e4rg: Guld, silver, brons, m\u00e4ssing.<\/span><span style=\"font-weight: 400;\"><br \/>\n<\/span> <span style=\"font-weight: 400;\">Glaslack: Nej.<\/span><span style=\"font-weight: 400;\"><br \/>\n<\/span> <span style=\"font-weight: 400;\">Baksida, standard: Kort n\u00e5l samt fj\u00e4rilsl\u00e5s (f\u00f6r andra alternativ se mer under Tillbeh\u00f6r).<\/span><\/p>\n<p><span style=\"font-weight: 400;\">Leveranstid ca 4-5 veckor efter godk\u00e4nt korrektur.<\/span><\/p>","protected":false},"excerpt":{"rendered":"<p>Sobert m\u00e4rke utan emaljf\u00e4rg. L\u00e4mpar sig v\u00e4l att stansa efter en detaljerad design. Upph\u00f6jd metall poleras blank och neds\u00e4nkt metall mattbehandlas (textur) f\u00f6r att skapa en kontrast mellan de b\u00e5da niv\u00e5erna. Fr\u00e5n 100 st. F\u00e4rger: Normalt inga, men det g\u00e5r att kombinera. Metallf\u00e4rg: Guld, silver, brons, m\u00e4ssing. Glaslack: Nej. Baksida, standard: Kort n\u00e5l samt fj\u00e4rilsl\u00e5s [&hellip;]<\/p>","protected":false},"featured_media":6650,"comment_status":"open","ping_status":"closed","template":"","meta":[],"product_brand":[],"product_cat":[75],"product_tag":[],"class_list":{"0":"post-6641","1":"product","2":"type-product","3":"status-publish","4":"has-post-thumbnail","6":"product_cat-pins","8":"first","9":"instock","10":"virtual","11":"purchasable","12":"product-type-simple"},"_links":{"self":[{"href":"https:\/\/yourmerch.se\/en\/wp-json\/wp\/v2\/product\/6641","targetHints":{"allow":["GET"]}}],"collection":[{"href":"https:\/\/yourmerch.se\/en\/wp-json\/wp\/v2\/product"}],"about":[{"href":"https:\/\/yourmerch.se\/en\/wp-json\/wp\/v2\/types\/product"}],"replies":[{"embeddable":true,"href":"https:\/\/yourmerch.se\/en\/wp-json\/wp\/v2\/comments?post=6641"}],"wp:featuredmedia":[{"embeddable":true,"href":"https:\/\/yourmerch.se\/en\/wp-json\/wp\/v2\/media\/6650"}],"wp:attachment":[{"href":"https:\/\/yourmerch.se\/en\/wp-json\/wp\/v2\/media?parent=6641"}],"wp:term":[{"taxonomy":"product_brand","embeddable":true,"href":"https:\/\/yourmerch.se\/en\/wp-json\/wp\/v2\/product_brand?post=6641"},{"taxonomy":"product_cat","embeddable":true,"href":"https:\/\/yourmerch.se\/en\/wp-json\/wp\/v2\/product_cat?post=6641"},{"taxonomy":"product_tag","embeddable":true,"href":"https:\/\/yourmerch.se\/en\/wp-json\/wp\/v2\/product_tag?post=6641"}],"curies":[{"name":"wp","href":"https:\/\/api.w.org\/{rel}","templated":true}]}}