{"id":6402,"date":"2025-06-30T19:33:46","date_gmt":"2025-06-30T19:33:46","guid":{"rendered":"https:\/\/yourmerch.se\/?post_type=product&#038;p=6402"},"modified":"2025-07-04T09:19:19","modified_gmt":"2025-07-04T09:19:19","slug":"pins-emalj","status":"publish","type":"product","link":"https:\/\/yourmerch.se\/en\/product\/pins-emalj\/","title":{"rendered":"Pins Emalj"},"content":{"rendered":"<p>Detta \u00e4r v\u00e5r vanligaste tillverkningsmetod. Emaljeras f\u00f6r hand. L\u00e4mpar sig v\u00e4l att stansa efter en detaljerad design. Upph\u00f6jd metall poleras blank och neds\u00e4nkt metall fylls med emaljf\u00e4rg. Emaljen h\u00e4rdar i den neds\u00e4nkta delen i m\u00e4rket s\u00e5 en niv\u00e5skillnad uppst\u00e5r mellan emaljen samt metallen. En tunn metalltr\u00e5d beh\u00f6vs mellan varje f\u00e4rg f\u00f6r att skilja p\u00e5 emaljf\u00e4rgen fr\u00e5n att flyta in i varandra.<\/p>\n<p>&nbsp;<\/p>\n<p>Fr\u00e5n 100 st<\/p>\n<p>F\u00e4rger: Standard 1-4 st.<br \/>\nMetallf\u00e4rg: Guld, silver, svart (gunmetal), svart\/svart (till\u00e4gg).<br \/>\nGlaslack: Valfritt.<br \/>\nBaksida, standard: Kort n\u00e5l samt fj\u00e4rilsl\u00e5s (f\u00f6r andra alternativ se mer under Tillbeh\u00f6r).<br \/>\nLeveranstid ca 4-5 veckor efter godk\u00e4nt korrektur.<\/p>","protected":false},"excerpt":{"rendered":"<p>Detta \u00e4r v\u00e5r vanligaste tillverkningsmetod. Emaljeras f\u00f6r hand. L\u00e4mpar sig v\u00e4l att stansa efter en detaljerad design. Upph\u00f6jd metall poleras blank och neds\u00e4nkt metall fylls med emaljf\u00e4rg. Emaljen h\u00e4rdar i den neds\u00e4nkta delen i m\u00e4rket s\u00e5 en niv\u00e5skillnad uppst\u00e5r mellan emaljen samt metallen. En tunn metalltr\u00e5d beh\u00f6vs mellan varje f\u00e4rg f\u00f6r att skilja p\u00e5 emaljf\u00e4rgen [&hellip;]<\/p>","protected":false},"featured_media":6435,"comment_status":"open","ping_status":"closed","template":"","meta":[],"product_brand":[],"product_cat":[75],"product_tag":[],"class_list":{"0":"post-6402","1":"product","2":"type-product","3":"status-publish","4":"has-post-thumbnail","6":"product_cat-pins","8":"first","9":"instock","10":"virtual","11":"purchasable","12":"product-type-simple"},"_links":{"self":[{"href":"https:\/\/yourmerch.se\/en\/wp-json\/wp\/v2\/product\/6402","targetHints":{"allow":["GET"]}}],"collection":[{"href":"https:\/\/yourmerch.se\/en\/wp-json\/wp\/v2\/product"}],"about":[{"href":"https:\/\/yourmerch.se\/en\/wp-json\/wp\/v2\/types\/product"}],"replies":[{"embeddable":true,"href":"https:\/\/yourmerch.se\/en\/wp-json\/wp\/v2\/comments?post=6402"}],"wp:featuredmedia":[{"embeddable":true,"href":"https:\/\/yourmerch.se\/en\/wp-json\/wp\/v2\/media\/6435"}],"wp:attachment":[{"href":"https:\/\/yourmerch.se\/en\/wp-json\/wp\/v2\/media?parent=6402"}],"wp:term":[{"taxonomy":"product_brand","embeddable":true,"href":"https:\/\/yourmerch.se\/en\/wp-json\/wp\/v2\/product_brand?post=6402"},{"taxonomy":"product_cat","embeddable":true,"href":"https:\/\/yourmerch.se\/en\/wp-json\/wp\/v2\/product_cat?post=6402"},{"taxonomy":"product_tag","embeddable":true,"href":"https:\/\/yourmerch.se\/en\/wp-json\/wp\/v2\/product_tag?post=6402"}],"curies":[{"name":"wp","href":"https:\/\/api.w.org\/{rel}","templated":true}]}}