{"id":6447,"date":"2025-07-07T17:39:40","date_gmt":"2025-07-07T17:39:40","guid":{"rendered":"https:\/\/yourmerch.se\/?page_id=6447"},"modified":"2025-08-13T09:40:04","modified_gmt":"2025-08-13T09:40:04","slug":"om-oss","status":"publish","type":"page","link":"https:\/\/yourmerch.se\/en\/om-oss\/","title":{"rendered":"OM OSS"},"content":{"rendered":"<div data-elementor-type=\"wp-page\" data-elementor-id=\"6447\" class=\"elementor elementor-6447\">\n\t\t\t\t<div class=\"porto_stretch_css stretch_row_css elementor-element elementor-element-3eaad8c e-con-full e-flex e-con e-parent\" data-id=\"3eaad8c\" data-element_type=\"container\" data-settings=\"{&quot;background_background&quot;:&quot;classic&quot;}\">\r\n\t\t\t\t<div class=\"elementor-element elementor-element-09fa6a5 elementor-widget elementor-widget-heading\" data-id=\"09fa6a5\" data-element_type=\"widget\" data-widget_type=\"heading.default\">\n\t\t\t\t<div class=\"elementor-widget-container\">\n\t\t\t\t\t<h2 class=\"elementor-heading-title elementor-size-default\">Om Oss<\/h2>\t\t\t\t<\/div>\n\t\t\t\t<\/div>\n\t\t\t\t<div class=\"elementor-element elementor-element-b32d05b elementor-widget elementor-widget-text-editor\" data-id=\"b32d05b\" data-element_type=\"widget\" data-widget_type=\"text-editor.default\">\n\t\t\t\t<div class=\"elementor-widget-container\">\n\t\t\t\t\t\t\t\t\t<p>Pins Factory etablerades 1991 och tillverkar m\u00e4rken och emblem. <br \/>Det var vi som tog namnet \u201dPins\u201d (n\u00e5l) till Sverige. <br \/>S\u00e5 vi \u00e4r p\u00e5 s\u00e4tt Sveriges f\u00f6rsta Pins-f\u00f6retag.<\/p><p>Vi tillverkar produkter s\u00e5som Pins, kampanjm\u00e4rken, skyltar, slipskl\u00e4mmor, <br \/>manschettknappar, medaljer, plaketter, nyckelringar, nyckelband, namnskyltar m.m.<\/p><p>Mestadels tillverkar vi i metall men anv\u00e4nder \u00e4ven milj\u00f6v\u00e4nlig silikon <br \/>samt returplast fr\u00e5n PET-flaskor.<\/p>\t\t\t\t\t\t\t\t<\/div>\n\t\t\t\t<\/div>\n\t\t\t\t<\/div>\n\t\t<div class=\"elementor-element elementor-element-09f89ef e-flex e-con-boxed e-con e-parent\" data-id=\"09f89ef\" data-element_type=\"container\">\r\n\t\t\t\t\t<div class=\"e-con-inner\">\r\n\t\t<div class=\"elementor-element elementor-element-e9bd35e e-con-full e-flex e-con e-child\" data-id=\"e9bd35e\" data-element_type=\"container\">\r\n\t\t\t\t<div class=\"elementor-element elementor-element-2a6c111 elementor-widget elementor-widget-text-editor\" data-id=\"2a6c111\" data-element_type=\"widget\" data-widget_type=\"text-editor.default\">\n\t\t\t\t<div class=\"elementor-widget-container\">\n\t\t\t\t\t\t\t\t\t<h5 style=\"color: #0088cc;\">Specialproduktion \u00e4r v\u00e5r vardag!!<\/h5><p>Vill du ha en standardprodukt s\u00e5 finner du ett stort sortiment p\u00e5 hemsidan. Vill du<br \/>ist\u00e4llet ta fram en specialtillverkad produkt \u00e4r \u00e4ven det m\u00f6jligt. Specialproduktioner \u00e4r<br \/>v\u00e5r vardag och st\u00f6rre delen av v\u00e5r verksamhet best\u00e5r av att producera profilprodukter<br \/>efter \u00f6nskem\u00e5l.<\/p><h5 style=\"color: #0088cc;\">Kampanj<\/h5><p>Skall du skapa en kampanj? D\u00e5 vill vi g\u00e4rna vara din kampanjpartner! Vi har under 34 \u00e5r<br \/>jobbat med kampanjer och hj\u00e4lper dig fr\u00e5n id\u00e9, design, produktion, lager och<br \/>distribution.<\/p>\t\t\t\t\t\t\t\t<\/div>\n\t\t\t\t<\/div>\n\t\t\t\t<\/div>\n\t\t<div class=\"elementor-element elementor-element-d51c2c6 e-con-full e-flex e-con e-child\" data-id=\"d51c2c6\" data-element_type=\"container\">\r\n\t\t\t\t<div class=\"elementor-element elementor-element-1a8f820 elementor-widget elementor-widget-image\" data-id=\"1a8f820\" data-element_type=\"widget\" data-widget_type=\"image.default\">\n\t\t\t\t<div class=\"elementor-widget-container\">\n\t\t\t\t\t\t\t\t\t\t\t\t\t\t\t<img fetchpriority=\"high\" decoding=\"async\" width=\"802\" height=\"758\" src=\"https:\/\/yourmerch.se\/wp-content\/uploads\/2025\/07\/3-d-pins-sid-1-2-1.png\" class=\"attachment-large size-large wp-image-6533\" alt=\"\" srcset=\"https:\/\/yourmerch.se\/wp-content\/uploads\/2025\/07\/3-d-pins-sid-1-2-1.png 802w, https:\/\/yourmerch.se\/wp-content\/uploads\/2025\/07\/3-d-pins-sid-1-2-1-600x567.png 600w, https:\/\/yourmerch.se\/wp-content\/uploads\/2025\/07\/3-d-pins-sid-1-2-1-768x726.png 768w, https:\/\/yourmerch.se\/wp-content\/uploads\/2025\/07\/3-d-pins-sid-1-2-1-640x605.png 640w, https:\/\/yourmerch.se\/wp-content\/uploads\/2025\/07\/3-d-pins-sid-1-2-1-400x378.png 400w\" sizes=\"(max-width: 802px) 100vw, 802px\" \/>\t\t\t\t\t\t\t\t\t\t\t\t\t\t\t<\/div>\n\t\t\t\t<\/div>\n\t\t\t\t<\/div>\n\t\t\t\t\t<\/div>\n\t\t\t\t<\/div>\n\t\t<div class=\"elementor-element elementor-element-f594aa2 e-flex e-con-boxed e-con e-parent\" data-id=\"f594aa2\" data-element_type=\"container\">\r\n\t\t\t\t\t<div class=\"e-con-inner\">\r\n\t\t\t\t<div class=\"elementor-element elementor-element-b16d8eb elementor-widget elementor-widget-text-editor\" data-id=\"b16d8eb\" data-element_type=\"widget\" data-widget_type=\"text-editor.default\">\n\t\t\t\t<div class=\"elementor-widget-container\">\n\t\t\t\t\t\t\t\t\t<p>Oavsett ditt projekt tar vi fram en l\u00e4mplig l\u00f6sning som passar dig. Vi g\u00f6r detta snabbt och s\u00e4kert f\u00f6r att ge dig b\u00e4sta m\u00f6jliga resultat.<\/p>\t\t\t\t\t\t\t\t<\/div>\n\t\t\t\t<\/div>\n\t\t\t\t\t<\/div>\n\t\t\t\t<\/div>\n\t\t<div class=\"elementor-element elementor-element-d1cf8f0 e-con-full e-flex e-con e-parent\" data-id=\"d1cf8f0\" data-element_type=\"container\">\r\n\t\t<div class=\"elementor-element elementor-element-7005b34 e-con-full e-flex e-con e-child\" data-id=\"7005b34\" data-element_type=\"container\">\r\n\t\t\t\t<div class=\"elementor-element elementor-element-58d0ee8 elementor-widget elementor-widget-counter\" data-id=\"58d0ee8\" data-element_type=\"widget\" data-widget_type=\"counter.default\">\n\t\t\t\t<div class=\"elementor-widget-container\">\n\t\t\t\t\t\t\t<div class=\"elementor-counter\">\n\t\t\t<div class=\"elementor-counter-title\">Antal levererade best\u00e4llningar<\/div>\t\t\t<div class=\"elementor-counter-number-wrapper\">\n\t\t\t\t<span class=\"elementor-counter-number-prefix\"><\/span>\n\t\t\t\t<span class=\"elementor-counter-number\" data-duration=\"2000\" data-to-value=\"25000\" data-from-value=\"25000\" data-delimiter=\",\">25000<\/span>\n\t\t\t\t<span class=\"elementor-counter-number-suffix\">+<\/span>\n\t\t\t<\/div>\n\t\t<\/div>\n\t\t\t\t\t\t<\/div>\n\t\t\t\t<\/div>\n\t\t\t\t<\/div>\n\t\t<div class=\"elementor-element elementor-element-77661ba e-con-full e-flex e-con e-child\" data-id=\"77661ba\" data-element_type=\"container\">\r\n\t\t\t\t<div class=\"elementor-element elementor-element-5933fed elementor-widget elementor-widget-counter\" data-id=\"5933fed\" data-element_type=\"widget\" data-widget_type=\"counter.default\">\n\t\t\t\t<div class=\"elementor-widget-container\">\n\t\t\t\t\t\t\t<div class=\"elementor-counter\">\n\t\t\t<div class=\"elementor-counter-title\">N\u00f6jda kunder<\/div>\t\t\t<div class=\"elementor-counter-number-wrapper\">\n\t\t\t\t<span class=\"elementor-counter-number-prefix\"><\/span>\n\t\t\t\t<span class=\"elementor-counter-number\" data-duration=\"2000\" data-to-value=\"99.5\" data-from-value=\"99.5\" data-delimiter=\",\">99.5<\/span>\n\t\t\t\t<span class=\"elementor-counter-number-suffix\">%<\/span>\n\t\t\t<\/div>\n\t\t<\/div>\n\t\t\t\t\t\t<\/div>\n\t\t\t\t<\/div>\n\t\t\t\t<\/div>\n\t\t<div class=\"elementor-element elementor-element-417b6e8 e-con-full e-flex e-con e-child\" data-id=\"417b6e8\" data-element_type=\"container\">\r\n\t\t\t\t<div class=\"elementor-element elementor-element-afed015 elementor-widget elementor-widget-counter\" data-id=\"afed015\" data-element_type=\"widget\" data-widget_type=\"counter.default\">\n\t\t\t\t<div class=\"elementor-widget-container\">\n\t\t\t\t\t\t\t<div class=\"elementor-counter\">\n\t\t\t<div class=\"elementor-counter-title\">Gedigen kunskap<\/div>\t\t\t<div class=\"elementor-counter-number-wrapper\">\n\t\t\t\t<span class=\"elementor-counter-number-prefix\"><\/span>\n\t\t\t\t<span class=\"elementor-counter-number\" data-duration=\"2000\" data-to-value=\"34\" data-from-value=\"34\" data-delimiter=\",\">34<\/span>\n\t\t\t\t<span class=\"elementor-counter-number-suffix\"> \u00e5r <\/span>\n\t\t\t<\/div>\n\t\t<\/div>\n\t\t\t\t\t\t<\/div>\n\t\t\t\t<\/div>\n\t\t\t\t<\/div>\n\t\t\t\t<\/div>\n\t\t\t\t<\/div>","protected":false},"excerpt":{"rendered":"<p>Om Oss Pins Factory etablerades 1991 och tillverkar m\u00e4rken och emblem. Det var vi som tog namnet \u201dPins\u201d (n\u00e5l) till Sverige. S\u00e5 vi \u00e4r p\u00e5 s\u00e4tt Sveriges f\u00f6rsta Pins-f\u00f6retag. Vi tillverkar produkter s\u00e5som Pins, kampanjm\u00e4rken, skyltar, slipskl\u00e4mmor, manschettknappar, medaljer, plaketter, nyckelringar, nyckelband, namnskyltar m.m. Mestadels tillverkar vi i metall men anv\u00e4nder \u00e4ven milj\u00f6v\u00e4nlig silikon samt [&hellip;]<\/p>","protected":false},"author":1,"featured_media":0,"parent":0,"menu_order":0,"comment_status":"closed","ping_status":"closed","template":"","meta":{"footnotes":""},"class_list":["post-6447","page","type-page","status-publish","hentry"],"_links":{"self":[{"href":"https:\/\/yourmerch.se\/en\/wp-json\/wp\/v2\/pages\/6447","targetHints":{"allow":["GET"]}}],"collection":[{"href":"https:\/\/yourmerch.se\/en\/wp-json\/wp\/v2\/pages"}],"about":[{"href":"https:\/\/yourmerch.se\/en\/wp-json\/wp\/v2\/types\/page"}],"author":[{"embeddable":true,"href":"https:\/\/yourmerch.se\/en\/wp-json\/wp\/v2\/users\/1"}],"replies":[{"embeddable":true,"href":"https:\/\/yourmerch.se\/en\/wp-json\/wp\/v2\/comments?post=6447"}],"version-history":[{"count":61,"href":"https:\/\/yourmerch.se\/en\/wp-json\/wp\/v2\/pages\/6447\/revisions"}],"predecessor-version":[{"id":7405,"href":"https:\/\/yourmerch.se\/en\/wp-json\/wp\/v2\/pages\/6447\/revisions\/7405"}],"wp:attachment":[{"href":"https:\/\/yourmerch.se\/en\/wp-json\/wp\/v2\/media?parent=6447"}],"curies":[{"name":"wp","href":"https:\/\/api.w.org\/{rel}","templated":true}]}}